{"id":990,"date":"2025-10-30T12:13:43","date_gmt":"2025-10-30T11:13:43","guid":{"rendered":"https:\/\/norronafly.no\/personvernerklaering\/"},"modified":"2025-10-30T12:13:43","modified_gmt":"2025-10-30T11:13:43","slug":"personvernerklaering","status":"publish","type":"page","link":"https:\/\/norronafly.no\/en\/personvernerklaering\/","title":{"rendered":"Personvern"},"content":{"rendered":"<div data-elementor-type=\"wp-page\" data-elementor-id=\"990\" class=\"elementor elementor-990\" data-elementor-post-type=\"page\">\n\t\t\t\t\t\t<section class=\"elementor-section elementor-top-section elementor-element elementor-element-7d3e8498 elementor-section-boxed elementor-section-height-default elementor-section-height-default\" data-id=\"7d3e8498\" data-element_type=\"section\" data-e-type=\"section\">\n\t\t\t\t\t\t<div class=\"elementor-container elementor-column-gap-extended\">\n\t\t\t\t\t<div class=\"elementor-column elementor-col-100 elementor-top-column elementor-element elementor-element-3b315e1f\" data-id=\"3b315e1f\" data-element_type=\"column\" data-e-type=\"column\">\n\t\t\t<div class=\"elementor-widget-wrap elementor-element-populated\">\n\t\t\t\t\t\t<div class=\"elementor-element elementor-element-4a722010 elementor-widget elementor-widget-text-editor\" data-id=\"4a722010\" data-element_type=\"widget\" data-e-type=\"widget\" data-widget_type=\"text-editor.default\">\n\t\t\t\t\t\t\t\t\t<h2>Privacy policy<\/h2><p>We take your privacy seriously and have implemented the necessary technical and organisational security measures to protect your personal data. In this privacy policy, we would like to inform you about how we collect, use, store and protect your personal data when you visit our website. You can find our organisation number and contact information on our contact page or by searching for the domain you are currently visiting at Norid.no or whois.com, and further searching for org.nr. in brreg.no.<\/p><h2>Collection of data<\/h2><p>We collect and store information that you provide to us through our contact form, including your name, email address and other contact information. In addition, we use Google Fonts, Google Analytics, Google Site Kit and Facebook Pixel to improve our website, analyse traffic and understand the impact of advertising on the Facebook platform. We may also utilise social media and other marketing platforms, which may result in the collection of your information. We do not disclose your personal data to third parties or use it in other systems unless they are described here or you have authorised disclosure by submitting a form. An example is to an email service where you have previously authorised to receive emails or have voluntarily signed up for a newsletter.<\/p><h2>Google and your personal data<\/h2><p>We use services from Google to track and measure traffic on our website, which means that Google can access your personal data. You can read how Google relates to your privacy here <a href=\"https:\/\/policies.google.com\/technologies\/partner-sites\" target=\"_blank\" rel=\"noopener\">here<\/a>.<\/p><h2>Data usage<\/h2><p>We use your personal data to respond to enquiries you submit via our contact form, to improve the user experience on our website and to perform analytics to improve our website. Your data may be stored for as long as appropriate, unless you request deletion. The data is stored on the servers of our suppliers. You can contact us to get information about which provider we use.<\/p><h2>Data security<\/h2><p>We have implemented the necessary technical and organisational security measures to protect your personal data against unauthorised access, alteration, disclosure or destruction. In addition to our internal routines, our suppliers also have their own security measures, which you can find out about by contacting us.<\/p><h2>Your rights<\/h2><p>You have the right to request access to the personal data we process about you and how it is processed. You can also request correction, deletion and restrictions in the processing of personal data in accordance with the Personal Data Act. If you believe that we do not comply with your rights under the Personal Data Act, you have the right to complain to the relevant supervisory authority. This is done by submitting a complaint to the Norwegian Data Protection Authority, you can find information on how to contact the Norwegian Data Protection Authority on its website.<\/p><p>We follow the Norwegian Data Protection Authority's requirements for GDPR, you can find info and your rights and our obligations <a href=\"https:\/\/www.datatilsynet.no\/rettigheter-og-plikter\/virksomhetenes-plikter\/informasjon-og-apenhet\/hva-skal-virksomheten-gi-informasjon-om\/\">here<\/a><\/p><p>You have the right to complain to the Norwegian Data Protection Authority if we do not comply with applicable laws and regulations.<\/p>\t\t\t\t\t\t\t\t<\/div>\n\t\t\t\t\t<\/div>\n\t\t<\/div>\n\t\t\t\t\t<\/div>\n\t\t<\/section>\n\t\t\t\t<\/div>","protected":false},"excerpt":{"rendered":"<p>Personvernerkl\u00e6ring Vi tar ditt personvern p\u00e5 alvor og har satt i verk n\u00f8dvendige tekniske og organisatoriske sikkerhetstiltak for \u00e5 beskytte dine personlige data. I denne personvernerkl\u00e6ringen vil vi informere deg om hvordan vi samler inn, bruker, oppbevarer og beskytter dine personlige data n\u00e5r du bes\u00f8ker v\u00e5r nettside. Du kan finne v\u00e5r organisasjonsnummer og kontaktinformasjon p\u00e5 [&hellip;]<\/p>\n","protected":false},"author":1,"featured_media":0,"parent":0,"menu_order":0,"comment_status":"closed","ping_status":"closed","template":"","meta":{"footnotes":""},"class_list":["post-990","page","type-page","status-publish","hentry"],"yoast_head":"<!-- This site is optimized with the Yoast SEO plugin v27.2 - https:\/\/yoast.com\/product\/yoast-seo-wordpress\/ -->\n<title>Personvern - Norr\u00f8nafly Rakkestad As<\/title>\n<meta name=\"robots\" content=\"index, follow, max-snippet:-1, max-image-preview:large, max-video-preview:-1\" \/>\n<link rel=\"canonical\" href=\"https:\/\/norronafly.no\/en\/personvernerklaering\/\" \/>\n<meta property=\"og:locale\" content=\"en_GB\" \/>\n<meta property=\"og:type\" content=\"article\" \/>\n<meta property=\"og:title\" content=\"Personvern - Norr\u00f8nafly Rakkestad As\" \/>\n<meta property=\"og:description\" content=\"Personvernerkl\u00e6ring Vi tar ditt personvern p\u00e5 alvor og har satt i verk n\u00f8dvendige tekniske og organisatoriske sikkerhetstiltak for \u00e5 beskytte dine personlige data. I denne personvernerkl\u00e6ringen vil vi informere deg om hvordan vi samler inn, bruker, oppbevarer og beskytter dine personlige data n\u00e5r du bes\u00f8ker v\u00e5r nettside. Du kan finne v\u00e5r organisasjonsnummer og kontaktinformasjon p\u00e5 [&hellip;]\" \/>\n<meta property=\"og:url\" content=\"https:\/\/norronafly.no\/en\/personvernerklaering\/\" \/>\n<meta property=\"og:site_name\" content=\"Norr\u00f8nafly Rakkestad As\" \/>\n<meta property=\"article:publisher\" content=\"https:\/\/www.facebook.com\/NorronaflyRakkestadAs\/\" \/>\n<meta property=\"og:image\" content=\"https:\/\/norronafly.no\/wp-content\/uploads\/2025\/10\/Norronafly-3895.jpg\" \/>\n\t<meta property=\"og:image:width\" content=\"1619\" \/>\n\t<meta property=\"og:image:height\" content=\"1080\" \/>\n\t<meta property=\"og:image:type\" content=\"image\/jpeg\" \/>\n<meta name=\"twitter:card\" content=\"summary_large_image\" \/>\n<meta name=\"twitter:label1\" content=\"Estimated reading time\" \/>\n\t<meta name=\"twitter:data1\" content=\"2 minutes\" \/>\n<script type=\"application\/ld+json\" class=\"yoast-schema-graph\">{\"@context\":\"https:\/\/schema.org\",\"@graph\":[{\"@type\":\"WebPage\",\"@id\":\"https:\/\/norronafly.no\/personvernerklaering\/\",\"url\":\"https:\/\/norronafly.no\/personvernerklaering\/\",\"name\":\"Personvern - Norr\u00f8nafly Rakkestad As\",\"isPartOf\":{\"@id\":\"https:\/\/norronafly.no\/#website\"},\"datePublished\":\"2025-10-30T11:13:43+00:00\",\"breadcrumb\":{\"@id\":\"https:\/\/norronafly.no\/personvernerklaering\/#breadcrumb\"},\"inLanguage\":\"en-GB\",\"potentialAction\":[{\"@type\":\"ReadAction\",\"target\":[\"https:\/\/norronafly.no\/personvernerklaering\/\"]}]},{\"@type\":\"BreadcrumbList\",\"@id\":\"https:\/\/norronafly.no\/personvernerklaering\/#breadcrumb\",\"itemListElement\":[{\"@type\":\"ListItem\",\"position\":1,\"name\":\"Hjem\",\"item\":\"https:\/\/norronafly.no\/\"},{\"@type\":\"ListItem\",\"position\":2,\"name\":\"Personvern\"}]},{\"@type\":\"WebSite\",\"@id\":\"https:\/\/norronafly.no\/#website\",\"url\":\"https:\/\/norronafly.no\/\",\"name\":\"Norr\u00f8nafly Rakkestad As\",\"description\":\"Flyverksted og kj\u00f8p\/salg av fly og deler i Rakkestad\",\"publisher\":{\"@id\":\"https:\/\/norronafly.no\/#organization\"},\"potentialAction\":[{\"@type\":\"SearchAction\",\"target\":{\"@type\":\"EntryPoint\",\"urlTemplate\":\"https:\/\/norronafly.no\/?s={search_term_string}\"},\"query-input\":{\"@type\":\"PropertyValueSpecification\",\"valueRequired\":true,\"valueName\":\"search_term_string\"}}],\"inLanguage\":\"en-GB\"},{\"@type\":\"Organization\",\"@id\":\"https:\/\/norronafly.no\/#organization\",\"name\":\"Norr\u00f8nafly Rakkestad AS\",\"url\":\"https:\/\/norronafly.no\/\",\"logo\":{\"@type\":\"ImageObject\",\"inLanguage\":\"en-GB\",\"@id\":\"https:\/\/norronafly.no\/#\/schema\/logo\/image\/\",\"url\":\"https:\/\/norronafly.no\/wp-content\/uploads\/2025\/09\/Norronafly-logo.png\",\"contentUrl\":\"https:\/\/norronafly.no\/wp-content\/uploads\/2025\/09\/Norronafly-logo.png\",\"width\":996,\"height\":195,\"caption\":\"Norr\u00f8nafly Rakkestad AS\"},\"image\":{\"@id\":\"https:\/\/norronafly.no\/#\/schema\/logo\/image\/\"},\"sameAs\":[\"https:\/\/www.facebook.com\/NorronaflyRakkestadAs\/\"]}]}<\/script>\n<!-- \/ Yoast SEO plugin. -->","yoast_head_json":{"title":"Personvern - Norr\u00f8nafly Rakkestad As","robots":{"index":"index","follow":"follow","max-snippet":"max-snippet:-1","max-image-preview":"max-image-preview:large","max-video-preview":"max-video-preview:-1"},"canonical":"https:\/\/norronafly.no\/en\/personvernerklaering\/","og_locale":"en_GB","og_type":"article","og_title":"Personvern - Norr\u00f8nafly Rakkestad As","og_description":"Personvernerkl\u00e6ring Vi tar ditt personvern p\u00e5 alvor og har satt i verk n\u00f8dvendige tekniske og organisatoriske sikkerhetstiltak for \u00e5 beskytte dine personlige data. I denne personvernerkl\u00e6ringen vil vi informere deg om hvordan vi samler inn, bruker, oppbevarer og beskytter dine personlige data n\u00e5r du bes\u00f8ker v\u00e5r nettside. Du kan finne v\u00e5r organisasjonsnummer og kontaktinformasjon p\u00e5 [&hellip;]","og_url":"https:\/\/norronafly.no\/en\/personvernerklaering\/","og_site_name":"Norr\u00f8nafly Rakkestad As","article_publisher":"https:\/\/www.facebook.com\/NorronaflyRakkestadAs\/","og_image":[{"width":1619,"height":1080,"url":"https:\/\/norronafly.no\/wp-content\/uploads\/2025\/10\/Norronafly-3895.jpg","type":"image\/jpeg"}],"twitter_card":"summary_large_image","twitter_misc":{"Estimated reading time":"2 minutes"},"schema":{"@context":"https:\/\/schema.org","@graph":[{"@type":"WebPage","@id":"https:\/\/norronafly.no\/personvernerklaering\/","url":"https:\/\/norronafly.no\/personvernerklaering\/","name":"Personvern - Norr\u00f8nafly Rakkestad As","isPartOf":{"@id":"https:\/\/norronafly.no\/#website"},"datePublished":"2025-10-30T11:13:43+00:00","breadcrumb":{"@id":"https:\/\/norronafly.no\/personvernerklaering\/#breadcrumb"},"inLanguage":"en-GB","potentialAction":[{"@type":"ReadAction","target":["https:\/\/norronafly.no\/personvernerklaering\/"]}]},{"@type":"BreadcrumbList","@id":"https:\/\/norronafly.no\/personvernerklaering\/#breadcrumb","itemListElement":[{"@type":"ListItem","position":1,"name":"Hjem","item":"https:\/\/norronafly.no\/"},{"@type":"ListItem","position":2,"name":"Personvern"}]},{"@type":"WebSite","@id":"https:\/\/norronafly.no\/#website","url":"https:\/\/norronafly.no\/","name":"Norr\u00f8nafly Rakkestad As","description":"Aircraft workshop and purchase\/sale of aircraft and parts in Rakkestad","publisher":{"@id":"https:\/\/norronafly.no\/#organization"},"potentialAction":[{"@type":"SearchAction","target":{"@type":"EntryPoint","urlTemplate":"https:\/\/norronafly.no\/?s={search_term_string}"},"query-input":{"@type":"PropertyValueSpecification","valueRequired":true,"valueName":"search_term_string"}}],"inLanguage":"en-GB"},{"@type":"Organization","@id":"https:\/\/norronafly.no\/#organization","name":"Norr\u00f8nafly Rakkestad AS","url":"https:\/\/norronafly.no\/","logo":{"@type":"ImageObject","inLanguage":"en-GB","@id":"https:\/\/norronafly.no\/#\/schema\/logo\/image\/","url":"https:\/\/norronafly.no\/wp-content\/uploads\/2025\/09\/Norronafly-logo.png","contentUrl":"https:\/\/norronafly.no\/wp-content\/uploads\/2025\/09\/Norronafly-logo.png","width":996,"height":195,"caption":"Norr\u00f8nafly Rakkestad AS"},"image":{"@id":"https:\/\/norronafly.no\/#\/schema\/logo\/image\/"},"sameAs":["https:\/\/www.facebook.com\/NorronaflyRakkestadAs\/"]}]}},"_links":{"self":[{"href":"https:\/\/norronafly.no\/en\/wp-json\/wp\/v2\/pages\/990","targetHints":{"allow":["GET"]}}],"collection":[{"href":"https:\/\/norronafly.no\/en\/wp-json\/wp\/v2\/pages"}],"about":[{"href":"https:\/\/norronafly.no\/en\/wp-json\/wp\/v2\/types\/page"}],"author":[{"embeddable":true,"href":"https:\/\/norronafly.no\/en\/wp-json\/wp\/v2\/users\/1"}],"replies":[{"embeddable":true,"href":"https:\/\/norronafly.no\/en\/wp-json\/wp\/v2\/comments?post=990"}],"version-history":[{"count":2,"href":"https:\/\/norronafly.no\/en\/wp-json\/wp\/v2\/pages\/990\/revisions"}],"predecessor-version":[{"id":992,"href":"https:\/\/norronafly.no\/en\/wp-json\/wp\/v2\/pages\/990\/revisions\/992"}],"wp:attachment":[{"href":"https:\/\/norronafly.no\/en\/wp-json\/wp\/v2\/media?parent=990"}],"curies":[{"name":"wp","href":"https:\/\/api.w.org\/{rel}","templated":true}]}}