{"id":547,"date":"2025-09-24T12:20:08","date_gmt":"2025-09-24T10:20:08","guid":{"rendered":"https:\/\/norronafly.no\/?page_id=547"},"modified":"2025-12-02T08:28:40","modified_gmt":"2025-12-02T07:28:40","slug":"kjop-og-salg","status":"publish","type":"page","link":"https:\/\/norronafly.no\/en\/kjop-og-salg\/","title":{"rendered":"Buying and selling"},"content":{"rendered":"<div data-elementor-type=\"wp-page\" data-elementor-id=\"547\" class=\"elementor elementor-547\" data-elementor-post-type=\"page\">\n\t\t\t\t<div class=\"elementor-element elementor-element-7817e7f e-flex e-con-boxed e-con e-parent\" data-id=\"7817e7f\" data-element_type=\"container\" data-e-type=\"container\" data-settings=\"{&quot;background_background&quot;:&quot;classic&quot;}\">\n\t\t\t\t\t<div class=\"e-con-inner\">\n\t\t\t\t<div class=\"elementor-element elementor-element-c8658a0 elementor-widget elementor-widget-heading\" data-id=\"c8658a0\" data-element_type=\"widget\" data-e-type=\"widget\" data-widget_type=\"heading.default\">\n\t\t\t\t\t<h1 class=\"elementor-heading-title elementor-size-default\">Purchase and sale of aircraft<\/h1>\t\t\t\t<\/div>\n\t\t\t\t<div class=\"elementor-element elementor-element-0c12635 elementor-view-framed elementor-shape-circle elementor-invisible elementor-widget elementor-widget-icon\" data-id=\"0c12635\" data-element_type=\"widget\" data-e-type=\"widget\" data-settings=\"{&quot;_animation&quot;:&quot;fadeInDown&quot;,&quot;_animation_delay&quot;:300}\" data-widget_type=\"icon.default\">\n\t\t\t\t\t\t\t<div class=\"elementor-icon-wrapper\">\n\t\t\t<a class=\"elementor-icon\" href=\"#kjopOgsalg\">\n\t\t\t<svg aria-hidden=\"true\" class=\"e-font-icon-svg e-fas-arrow-alt-circle-down\" viewbox=\"0 0 512 512\" xmlns=\"http:\/\/www.w3.org\/2000\/svg\"><path d=\"M504 256c0 137-111 248-248 248S8 393 8 256 119 8 256 8s248 111 248 248zM212 140v116h-70.9c-10.7 0-16.1 13-8.5 20.5l114.9 114.3c4.7 4.7 12.2 4.7 16.9 0l114.9-114.3c7.6-7.6 2.2-20.5-8.5-20.5H300V140c0-6.6-5.4-12-12-12h-64c-6.6 0-12 5.4-12 12z\"><\/path><\/svg>\t\t\t<\/a>\n\t\t<\/div>\n\t\t\t\t\t\t<\/div>\n\t\t\t\t\t<\/div>\n\t\t\t\t<\/div>\n\t\t<div class=\"elementor-element elementor-element-19a1310 e-flex e-con-boxed e-con e-parent\" data-id=\"19a1310\" data-element_type=\"container\" data-e-type=\"container\" data-settings=\"{&quot;background_background&quot;:&quot;classic&quot;}\">\n\t\t\t\t\t<div class=\"e-con-inner\">\n\t\t\t\t<div class=\"elementor-element elementor-element-ad058ff elementor-widget elementor-widget-heading\" data-id=\"ad058ff\" data-element_type=\"widget\" data-e-type=\"widget\" data-widget_type=\"heading.default\">\n\t\t\t\t\t<span class=\"elementor-heading-title elementor-size-default\">Contact us today so that we can arrange any assistance during the purchase or agree on the sale of aircraft.<\/span>\t\t\t\t<\/div>\n\t\t\t\t\t<\/div>\n\t\t\t\t<\/div>\n\t\t<div class=\"elementor-element elementor-element-441311d e-flex e-con-boxed e-con e-parent\" data-id=\"441311d\" data-element_type=\"container\" data-e-type=\"container\">\n\t\t\t\t\t<div class=\"e-con-inner\">\n\t\t\t\t<div class=\"elementor-element elementor-element-e2ca791 elementor-widget elementor-widget-menu-anchor\" data-id=\"e2ca791\" data-element_type=\"widget\" data-e-type=\"widget\" data-widget_type=\"menu-anchor.default\">\n\t\t\t\t\t\t\t<div class=\"elementor-menu-anchor\" id=\"kjopOgsalg\"><\/div>\n\t\t\t\t\t\t<\/div>\n\t\t\t\t\t<\/div>\n\t\t\t\t<\/div>\n\t\t<div class=\"elementor-element elementor-element-f4de3d3 e-flex e-con-boxed e-con e-parent\" data-id=\"f4de3d3\" data-element_type=\"container\" data-e-type=\"container\">\n\t\t\t\t\t<div class=\"e-con-inner\">\n\t\t<div class=\"elementor-element elementor-element-35b9301 e-con-full e-flex e-con e-child\" data-id=\"35b9301\" data-element_type=\"container\" data-e-type=\"container\">\n\t\t<div class=\"elementor-element elementor-element-b6f3559 e-con-full e-flex e-con e-child\" data-id=\"b6f3559\" data-element_type=\"container\" data-e-type=\"container\">\n\t\t\t\t<div class=\"elementor-element elementor-element-6aeddd8 elementor-widget elementor-widget-heading\" data-id=\"6aeddd8\" data-element_type=\"widget\" data-e-type=\"widget\" data-widget_type=\"heading.default\">\n\t\t\t\t\t<h3 class=\"elementor-heading-title elementor-size-default\">Sale of aircraft<\/h3>\t\t\t\t<\/div>\n\t\t\t\t<div class=\"elementor-element elementor-element-0a92842 elementor-widget-divider--view-line elementor-widget elementor-widget-divider\" data-id=\"0a92842\" data-element_type=\"widget\" data-e-type=\"widget\" data-widget_type=\"divider.default\">\n\t\t\t\t\t\t\t<div class=\"elementor-divider\">\n\t\t\t<span class=\"elementor-divider-separator\">\n\t\t\t\t\t\t<\/span>\n\t\t<\/div>\n\t\t\t\t\t\t<\/div>\n\t\t\t\t<div class=\"elementor-element elementor-element-67c83ce elementor-widget elementor-widget-text-editor\" data-id=\"67c83ce\" data-element_type=\"widget\" data-e-type=\"widget\" data-widget_type=\"text-editor.default\">\n\t\t\t\t\t\t\t\t\t<p>Norr\u00f8nafly Rakkestad AS offers sales of aircraft. We always have used aircraft for sale, or we can sell your used aircraft for you. By letting us sell for you, you can be sure that the aircraft is properly inspected and documented so that the sale goes as smoothly as possible.<\/p><p>Contact us if you want to sell your used aircraft, or visit us and see what aircraft we have for sale. Perhaps you'll find your dream aircraft with us?<\/p>\t\t\t\t\t\t\t\t<\/div>\n\t\t\t\t<\/div>\n\t\t<div class=\"elementor-element elementor-element-ad71fd1 e-con-full e-flex e-con e-child\" data-id=\"ad71fd1\" data-element_type=\"container\" data-e-type=\"container\">\n\t\t\t\t<div class=\"elementor-element elementor-element-870d051 elementor-widget elementor-widget-heading\" data-id=\"870d051\" data-element_type=\"widget\" data-e-type=\"widget\" data-widget_type=\"heading.default\">\n\t\t\t\t\t<h3 class=\"elementor-heading-title elementor-size-default\">Purchase of aircraft<\/h3>\t\t\t\t<\/div>\n\t\t\t\t<div class=\"elementor-element elementor-element-13142b3 elementor-widget-divider--view-line elementor-widget elementor-widget-divider\" data-id=\"13142b3\" data-element_type=\"widget\" data-e-type=\"widget\" data-widget_type=\"divider.default\">\n\t\t\t\t\t\t\t<div class=\"elementor-divider\">\n\t\t\t<span class=\"elementor-divider-separator\">\n\t\t\t\t\t\t<\/span>\n\t\t<\/div>\n\t\t\t\t\t\t<\/div>\n\t\t\t\t<div class=\"elementor-element elementor-element-553d64f elementor-widget elementor-widget-text-editor\" data-id=\"553d64f\" data-element_type=\"widget\" data-e-type=\"widget\" data-widget_type=\"text-editor.default\">\n\t\t\t\t\t\t\t\t\t<p>Norr\u00f8nafly Rakkestad AS also offers assistance with the purchase of aircraft. Have you found the aeroplane of your dreams, but are unsure of what to look for in terms of faults and defects before you buy? Let us join you! We can travel both domestically and abroad to check out the aircraft you're considering. We'll inspect it thoroughly and make sure everything is as it should be, before we recommend whether to buy or not.<\/p>\t\t\t\t\t\t\t\t<\/div>\n\t\t\t\t<\/div>\n\t\t\t\t<\/div>\n\t\t\t\t\t<\/div>\n\t\t\t\t<\/div>\n\t\t<div class=\"elementor-element elementor-element-14e99b7 e-flex e-con-boxed e-con e-parent\" data-id=\"14e99b7\" data-element_type=\"container\" data-e-type=\"container\" data-settings=\"{&quot;background_background&quot;:&quot;classic&quot;}\">\n\t\t\t\t\t<div class=\"e-con-inner\">\n\t\t<div class=\"elementor-element elementor-element-b15a631 e-con-full e-flex e-con e-child\" data-id=\"b15a631\" data-element_type=\"container\" data-e-type=\"container\" data-settings=\"{&quot;background_background&quot;:&quot;classic&quot;}\">\n\t\t\t\t<div class=\"elementor-element elementor-element-bbaf9de elementor-widget elementor-widget-heading\" data-id=\"bbaf9de\" data-element_type=\"widget\" data-e-type=\"widget\" data-widget_type=\"heading.default\">\n\t\t\t\t\t<span class=\"elementor-heading-title elementor-size-default\">If you have any questions or other enquiries regarding the purchase and sale of aircraft, please send us an enquiry.<\/span>\t\t\t\t<\/div>\n\t\t\t\t<div class=\"elementor-element elementor-element-aaba814 elementor-align-center elementor-icon-list--layout-inline elementor-mobile-align-center elementor-list-item-link-full_width elementor-widget elementor-widget-icon-list\" data-id=\"aaba814\" data-element_type=\"widget\" data-e-type=\"widget\" data-widget_type=\"icon-list.default\">\n\t\t\t\t\t\t\t<ul class=\"elementor-icon-list-items elementor-inline-items\">\n\t\t\t\t\t\t\t<li class=\"elementor-icon-list-item elementor-inline-item\">\n\t\t\t\t\t\t\t\t\t\t\t<a href=\"mailto:hangar@norronafly.no\">\n\n\t\t\t\t\t\t\t\t\t\t\t\t<span class=\"elementor-icon-list-icon\">\n\t\t\t\t\t\t\t<svg aria-hidden=\"true\" class=\"e-font-icon-svg e-fas-envelope\" viewbox=\"0 0 512 512\" xmlns=\"http:\/\/www.w3.org\/2000\/svg\"><path d=\"M502.3 190.8c3.9-3.1 9.7-.2 9.7 4.7V400c0 26.5-21.5 48-48 48H48c-26.5 0-48-21.5-48-48V195.6c0-5 5.7-7.8 9.7-4.7 22.4 17.4 52.1 39.5 154.1 113.6 21.1 15.4 56.7 47.8 92.2 47.6 35.7.3 72-32.8 92.3-47.6 102-74.1 131.6-96.3 154-113.7zM256 320c23.2.4 56.6-29.2 73.4-41.4 132.7-96.3 142.8-104.7 173.4-128.7 5.8-4.5 9.2-11.5 9.2-18.9v-19c0-26.5-21.5-48-48-48H48C21.5 64 0 85.5 0 112v19c0 7.4 3.4 14.3 9.2 18.9 30.6 23.9 40.7 32.4 173.4 128.7 16.8 12.2 50.2 41.8 73.4 41.4z\"><\/path><\/svg>\t\t\t\t\t\t<\/span>\n\t\t\t\t\t\t\t\t\t\t<span class=\"elementor-icon-list-text\">hangar@norronafly.no<\/span>\n\t\t\t\t\t\t\t\t\t\t\t<\/a>\n\t\t\t\t\t\t\t\t\t<\/li>\n\t\t\t\t\t\t<\/ul>\n\t\t\t\t\t\t<\/div>\n\t\t\t\t<\/div>\n\t\t<div class=\"elementor-element elementor-element-cbf7212 e-con-full e-flex e-con e-child\" data-id=\"cbf7212\" data-element_type=\"container\" data-e-type=\"container\" data-settings=\"{&quot;background_background&quot;:&quot;classic&quot;}\">\n\t\t\t\t<div class=\"elementor-element elementor-element-60a1bc4 elementor-widget elementor-widget-image\" data-id=\"60a1bc4\" data-element_type=\"widget\" data-e-type=\"widget\" data-widget_type=\"image.default\">\n\t\t\t\t\t\t\t\t\t\t\t\t\t\t\t<img fetchpriority=\"high\" decoding=\"async\" width=\"1000\" height=\"750\" src=\"https:\/\/norronafly.no\/wp-content\/uploads\/2025\/09\/fly4.jpg\" class=\"attachment-full size-full wp-image-604\" alt=\"fly\" srcset=\"https:\/\/norronafly.no\/wp-content\/uploads\/2025\/09\/fly4.jpg 1000w, https:\/\/norronafly.no\/wp-content\/uploads\/2025\/09\/fly4-300x225.jpg 300w, https:\/\/norronafly.no\/wp-content\/uploads\/2025\/09\/fly4-768x576.jpg 768w\" sizes=\"(max-width: 1000px) 100vw, 1000px\" \/>\t\t\t\t\t\t\t\t\t\t\t\t\t\t\t<\/div>\n\t\t\t\t<div class=\"elementor-element elementor-element-20a7ad2 elementor-widget elementor-widget-image\" data-id=\"20a7ad2\" data-element_type=\"widget\" data-e-type=\"widget\" data-widget_type=\"image.default\">\n\t\t\t\t\t\t\t\t\t\t\t\t\t\t\t<img decoding=\"async\" width=\"1000\" height=\"750\" src=\"https:\/\/norronafly.no\/wp-content\/uploads\/2025\/09\/fly3.jpg\" class=\"attachment-full size-full wp-image-605\" alt=\"fly\" srcset=\"https:\/\/norronafly.no\/wp-content\/uploads\/2025\/09\/fly3.jpg 1000w, https:\/\/norronafly.no\/wp-content\/uploads\/2025\/09\/fly3-300x225.jpg 300w, https:\/\/norronafly.no\/wp-content\/uploads\/2025\/09\/fly3-768x576.jpg 768w\" sizes=\"(max-width: 1000px) 100vw, 1000px\" \/>\t\t\t\t\t\t\t\t\t\t\t\t\t\t\t<\/div>\n\t\t\t\t<\/div>\n\t\t\t\t\t<\/div>\n\t\t\t\t<\/div>\n\t\t\t\t<\/div>","protected":false},"excerpt":{"rendered":"<p>Kj\u00f8p og salg av fly Kontakt oss i dag, slik at vi kan avtale eventuelt bistand under kj\u00f8p eller avtale salg av fly. Salg av fly Norr\u00f8nafly Rakkestad AS tilbyr salg av fly. Vi har stadig bruktfly til salgs hos oss, eller s\u00e5 kan vi selge ditt bruktfly for deg. Ved \u00e5 la oss selge [&hellip;]<\/p>\n","protected":false},"author":1,"featured_media":0,"parent":0,"menu_order":0,"comment_status":"closed","ping_status":"closed","template":"","meta":{"footnotes":""},"class_list":["post-547","page","type-page","status-publish","hentry"],"yoast_head":"<!-- This site is optimized with the Yoast SEO plugin v27.2 - https:\/\/yoast.com\/product\/yoast-seo-wordpress\/ -->\n<title>Kj\u00f8p og salg - Norr\u00f8nafly Rakkestad As<\/title>\n<meta name=\"robots\" content=\"index, follow, max-snippet:-1, max-image-preview:large, max-video-preview:-1\" \/>\n<link rel=\"canonical\" href=\"https:\/\/norronafly.no\/en\/kjop-og-salg\/\" \/>\n<meta property=\"og:locale\" content=\"en_GB\" \/>\n<meta property=\"og:type\" content=\"article\" \/>\n<meta property=\"og:title\" content=\"Kj\u00f8p og salg - Norr\u00f8nafly Rakkestad As\" \/>\n<meta property=\"og:description\" content=\"Kj\u00f8p og salg av fly Kontakt oss i dag, slik at vi kan avtale eventuelt bistand under kj\u00f8p eller avtale salg av fly. Salg av fly Norr\u00f8nafly Rakkestad AS tilbyr salg av fly. Vi har stadig bruktfly til salgs hos oss, eller s\u00e5 kan vi selge ditt bruktfly for deg. Ved \u00e5 la oss selge [&hellip;]\" \/>\n<meta property=\"og:url\" content=\"https:\/\/norronafly.no\/en\/kjop-og-salg\/\" \/>\n<meta property=\"og:site_name\" content=\"Norr\u00f8nafly Rakkestad As\" \/>\n<meta property=\"article:publisher\" content=\"https:\/\/www.facebook.com\/NorronaflyRakkestadAs\/\" \/>\n<meta property=\"article:modified_time\" content=\"2025-12-02T07:28:40+00:00\" \/>\n<meta property=\"og:image\" content=\"https:\/\/norronafly.no\/wp-content\/uploads\/2025\/09\/fly4.jpg\" \/>\n\t<meta property=\"og:image:width\" content=\"1000\" \/>\n\t<meta property=\"og:image:height\" content=\"750\" \/>\n\t<meta property=\"og:image:type\" content=\"image\/jpeg\" \/>\n<meta name=\"twitter:card\" content=\"summary_large_image\" \/>\n<meta name=\"twitter:label1\" content=\"Estimated reading time\" \/>\n\t<meta name=\"twitter:data1\" content=\"2 minutes\" \/>\n<script type=\"application\/ld+json\" class=\"yoast-schema-graph\">{\"@context\":\"https:\/\/schema.org\",\"@graph\":[{\"@type\":\"WebPage\",\"@id\":\"https:\/\/norronafly.no\/kjop-og-salg\/\",\"url\":\"https:\/\/norronafly.no\/kjop-og-salg\/\",\"name\":\"Kj\u00f8p og salg - Norr\u00f8nafly Rakkestad As\",\"isPartOf\":{\"@id\":\"https:\/\/norronafly.no\/#website\"},\"primaryImageOfPage\":{\"@id\":\"https:\/\/norronafly.no\/kjop-og-salg\/#primaryimage\"},\"image\":{\"@id\":\"https:\/\/norronafly.no\/kjop-og-salg\/#primaryimage\"},\"thumbnailUrl\":\"https:\/\/norronafly.no\/wp-content\/uploads\/2025\/09\/fly4.jpg\",\"datePublished\":\"2025-09-24T10:20:08+00:00\",\"dateModified\":\"2025-12-02T07:28:40+00:00\",\"breadcrumb\":{\"@id\":\"https:\/\/norronafly.no\/kjop-og-salg\/#breadcrumb\"},\"inLanguage\":\"en-GB\",\"potentialAction\":[{\"@type\":\"ReadAction\",\"target\":[\"https:\/\/norronafly.no\/kjop-og-salg\/\"]}]},{\"@type\":\"ImageObject\",\"inLanguage\":\"en-GB\",\"@id\":\"https:\/\/norronafly.no\/kjop-og-salg\/#primaryimage\",\"url\":\"https:\/\/norronafly.no\/wp-content\/uploads\/2025\/09\/fly4.jpg\",\"contentUrl\":\"https:\/\/norronafly.no\/wp-content\/uploads\/2025\/09\/fly4.jpg\"},{\"@type\":\"BreadcrumbList\",\"@id\":\"https:\/\/norronafly.no\/kjop-og-salg\/#breadcrumb\",\"itemListElement\":[{\"@type\":\"ListItem\",\"position\":1,\"name\":\"Hjem\",\"item\":\"https:\/\/norronafly.no\/\"},{\"@type\":\"ListItem\",\"position\":2,\"name\":\"Kj\u00f8p og salg\"}]},{\"@type\":\"WebSite\",\"@id\":\"https:\/\/norronafly.no\/#website\",\"url\":\"https:\/\/norronafly.no\/\",\"name\":\"Norr\u00f8nafly Rakkestad As\",\"description\":\"Flyverksted og kj\u00f8p\/salg av fly og deler i Rakkestad\",\"publisher\":{\"@id\":\"https:\/\/norronafly.no\/#organization\"},\"potentialAction\":[{\"@type\":\"SearchAction\",\"target\":{\"@type\":\"EntryPoint\",\"urlTemplate\":\"https:\/\/norronafly.no\/?s={search_term_string}\"},\"query-input\":{\"@type\":\"PropertyValueSpecification\",\"valueRequired\":true,\"valueName\":\"search_term_string\"}}],\"inLanguage\":\"en-GB\"},{\"@type\":\"Organization\",\"@id\":\"https:\/\/norronafly.no\/#organization\",\"name\":\"Norr\u00f8nafly Rakkestad AS\",\"url\":\"https:\/\/norronafly.no\/\",\"logo\":{\"@type\":\"ImageObject\",\"inLanguage\":\"en-GB\",\"@id\":\"https:\/\/norronafly.no\/#\/schema\/logo\/image\/\",\"url\":\"https:\/\/norronafly.no\/wp-content\/uploads\/2025\/09\/Norronafly-logo.png\",\"contentUrl\":\"https:\/\/norronafly.no\/wp-content\/uploads\/2025\/09\/Norronafly-logo.png\",\"width\":996,\"height\":195,\"caption\":\"Norr\u00f8nafly Rakkestad AS\"},\"image\":{\"@id\":\"https:\/\/norronafly.no\/#\/schema\/logo\/image\/\"},\"sameAs\":[\"https:\/\/www.facebook.com\/NorronaflyRakkestadAs\/\"]}]}<\/script>\n<!-- \/ Yoast SEO plugin. -->","yoast_head_json":{"title":"Kj\u00f8p og salg - Norr\u00f8nafly Rakkestad As","robots":{"index":"index","follow":"follow","max-snippet":"max-snippet:-1","max-image-preview":"max-image-preview:large","max-video-preview":"max-video-preview:-1"},"canonical":"https:\/\/norronafly.no\/en\/kjop-og-salg\/","og_locale":"en_GB","og_type":"article","og_title":"Kj\u00f8p og salg - Norr\u00f8nafly Rakkestad As","og_description":"Kj\u00f8p og salg av fly Kontakt oss i dag, slik at vi kan avtale eventuelt bistand under kj\u00f8p eller avtale salg av fly. Salg av fly Norr\u00f8nafly Rakkestad AS tilbyr salg av fly. Vi har stadig bruktfly til salgs hos oss, eller s\u00e5 kan vi selge ditt bruktfly for deg. Ved \u00e5 la oss selge [&hellip;]","og_url":"https:\/\/norronafly.no\/en\/kjop-og-salg\/","og_site_name":"Norr\u00f8nafly Rakkestad As","article_publisher":"https:\/\/www.facebook.com\/NorronaflyRakkestadAs\/","article_modified_time":"2025-12-02T07:28:40+00:00","og_image":[{"width":1000,"height":750,"url":"https:\/\/norronafly.no\/wp-content\/uploads\/2025\/09\/fly4.jpg","type":"image\/jpeg"}],"twitter_card":"summary_large_image","twitter_misc":{"Estimated reading time":"2 minutes"},"schema":{"@context":"https:\/\/schema.org","@graph":[{"@type":"WebPage","@id":"https:\/\/norronafly.no\/kjop-og-salg\/","url":"https:\/\/norronafly.no\/kjop-og-salg\/","name":"Kj\u00f8p og salg - Norr\u00f8nafly Rakkestad As","isPartOf":{"@id":"https:\/\/norronafly.no\/#website"},"primaryImageOfPage":{"@id":"https:\/\/norronafly.no\/kjop-og-salg\/#primaryimage"},"image":{"@id":"https:\/\/norronafly.no\/kjop-og-salg\/#primaryimage"},"thumbnailUrl":"https:\/\/norronafly.no\/wp-content\/uploads\/2025\/09\/fly4.jpg","datePublished":"2025-09-24T10:20:08+00:00","dateModified":"2025-12-02T07:28:40+00:00","breadcrumb":{"@id":"https:\/\/norronafly.no\/kjop-og-salg\/#breadcrumb"},"inLanguage":"en-GB","potentialAction":[{"@type":"ReadAction","target":["https:\/\/norronafly.no\/kjop-og-salg\/"]}]},{"@type":"ImageObject","inLanguage":"en-GB","@id":"https:\/\/norronafly.no\/kjop-og-salg\/#primaryimage","url":"https:\/\/norronafly.no\/wp-content\/uploads\/2025\/09\/fly4.jpg","contentUrl":"https:\/\/norronafly.no\/wp-content\/uploads\/2025\/09\/fly4.jpg"},{"@type":"BreadcrumbList","@id":"https:\/\/norronafly.no\/kjop-og-salg\/#breadcrumb","itemListElement":[{"@type":"ListItem","position":1,"name":"Hjem","item":"https:\/\/norronafly.no\/"},{"@type":"ListItem","position":2,"name":"Kj\u00f8p og salg"}]},{"@type":"WebSite","@id":"https:\/\/norronafly.no\/#website","url":"https:\/\/norronafly.no\/","name":"Norr\u00f8nafly Rakkestad As","description":"Aircraft workshop and purchase\/sale of aircraft and parts in Rakkestad","publisher":{"@id":"https:\/\/norronafly.no\/#organization"},"potentialAction":[{"@type":"SearchAction","target":{"@type":"EntryPoint","urlTemplate":"https:\/\/norronafly.no\/?s={search_term_string}"},"query-input":{"@type":"PropertyValueSpecification","valueRequired":true,"valueName":"search_term_string"}}],"inLanguage":"en-GB"},{"@type":"Organization","@id":"https:\/\/norronafly.no\/#organization","name":"Norr\u00f8nafly Rakkestad AS","url":"https:\/\/norronafly.no\/","logo":{"@type":"ImageObject","inLanguage":"en-GB","@id":"https:\/\/norronafly.no\/#\/schema\/logo\/image\/","url":"https:\/\/norronafly.no\/wp-content\/uploads\/2025\/09\/Norronafly-logo.png","contentUrl":"https:\/\/norronafly.no\/wp-content\/uploads\/2025\/09\/Norronafly-logo.png","width":996,"height":195,"caption":"Norr\u00f8nafly Rakkestad AS"},"image":{"@id":"https:\/\/norronafly.no\/#\/schema\/logo\/image\/"},"sameAs":["https:\/\/www.facebook.com\/NorronaflyRakkestadAs\/"]}]}},"_links":{"self":[{"href":"https:\/\/norronafly.no\/en\/wp-json\/wp\/v2\/pages\/547","targetHints":{"allow":["GET"]}}],"collection":[{"href":"https:\/\/norronafly.no\/en\/wp-json\/wp\/v2\/pages"}],"about":[{"href":"https:\/\/norronafly.no\/en\/wp-json\/wp\/v2\/types\/page"}],"author":[{"embeddable":true,"href":"https:\/\/norronafly.no\/en\/wp-json\/wp\/v2\/users\/1"}],"replies":[{"embeddable":true,"href":"https:\/\/norronafly.no\/en\/wp-json\/wp\/v2\/comments?post=547"}],"version-history":[{"count":64,"href":"https:\/\/norronafly.no\/en\/wp-json\/wp\/v2\/pages\/547\/revisions"}],"predecessor-version":[{"id":1300,"href":"https:\/\/norronafly.no\/en\/wp-json\/wp\/v2\/pages\/547\/revisions\/1300"}],"wp:attachment":[{"href":"https:\/\/norronafly.no\/en\/wp-json\/wp\/v2\/media?parent=547"}],"curies":[{"name":"wp","href":"https:\/\/api.w.org\/{rel}","templated":true}]}}