{"id":170,"date":"2025-09-23T14:01:15","date_gmt":"2025-09-23T12:01:15","guid":{"rendered":"https:\/\/norronafly.no\/?page_id=170"},"modified":"2025-12-02T08:26:33","modified_gmt":"2025-12-02T07:26:33","slug":"motor","status":"publish","type":"page","link":"https:\/\/norronafly.no\/en\/verksted\/motor\/","title":{"rendered":"Engine"},"content":{"rendered":"<div data-elementor-type=\"wp-page\" data-elementor-id=\"170\" class=\"elementor elementor-170\" data-elementor-post-type=\"page\">\n\t\t\t\t<div class=\"elementor-element elementor-element-7817e7f e-flex e-con-boxed e-con e-parent\" data-id=\"7817e7f\" data-element_type=\"container\" data-e-type=\"container\" data-settings=\"{&quot;background_background&quot;:&quot;classic&quot;}\">\n\t\t\t\t\t<div class=\"e-con-inner\">\n\t\t\t\t<div class=\"elementor-element elementor-element-0c12635 elementor-view-framed elementor-shape-circle elementor-invisible elementor-widget elementor-widget-icon\" data-id=\"0c12635\" data-element_type=\"widget\" data-e-type=\"widget\" data-settings=\"{&quot;_animation&quot;:&quot;fadeInDown&quot;,&quot;_animation_delay&quot;:300}\" data-widget_type=\"icon.default\">\n\t\t\t\t\t\t\t<div class=\"elementor-icon-wrapper\">\n\t\t\t<a class=\"elementor-icon\" href=\"#motor\">\n\t\t\t<svg aria-hidden=\"true\" class=\"e-font-icon-svg e-fas-arrow-alt-circle-down\" viewbox=\"0 0 512 512\" xmlns=\"http:\/\/www.w3.org\/2000\/svg\"><path d=\"M504 256c0 137-111 248-248 248S8 393 8 256 119 8 256 8s248 111 248 248zM212 140v116h-70.9c-10.7 0-16.1 13-8.5 20.5l114.9 114.3c4.7 4.7 12.2 4.7 16.9 0l114.9-114.3c7.6-7.6 2.2-20.5-8.5-20.5H300V140c0-6.6-5.4-12-12-12h-64c-6.6 0-12 5.4-12 12z\"><\/path><\/svg>\t\t\t<\/a>\n\t\t<\/div>\n\t\t\t\t\t\t<\/div>\n\t\t\t\t\t<\/div>\n\t\t\t\t<\/div>\n\t\t<div class=\"elementor-element elementor-element-19a1310 e-flex e-con-boxed e-con e-parent\" data-id=\"19a1310\" data-element_type=\"container\" data-e-type=\"container\" data-settings=\"{&quot;background_background&quot;:&quot;classic&quot;}\">\n\t\t\t\t\t<div class=\"e-con-inner\">\n\t\t\t\t<div class=\"elementor-element elementor-element-ad058ff elementor-widget elementor-widget-heading\" data-id=\"ad058ff\" data-element_type=\"widget\" data-e-type=\"widget\" data-widget_type=\"heading.default\">\n\t\t\t\t\t<span class=\"elementor-heading-title elementor-size-default\">Norr\u00f8nafly Rakkestad AS offers maintenance of engines for small aircraft.<\/span>\t\t\t\t<\/div>\n\t\t\t\t\t<\/div>\n\t\t\t\t<\/div>\n\t\t<div class=\"elementor-element elementor-element-2c43923 e-flex e-con-boxed e-con e-parent\" data-id=\"2c43923\" data-element_type=\"container\" data-e-type=\"container\">\n\t\t\t\t\t<div class=\"e-con-inner\">\n\t\t<div class=\"elementor-element elementor-element-40478e4 e-con-full e-flex e-con e-child\" data-id=\"40478e4\" data-element_type=\"container\" data-e-type=\"container\">\n\t\t\t\t<div class=\"elementor-element elementor-element-49776b8 elementor-widget elementor-widget-menu-anchor\" data-id=\"49776b8\" data-element_type=\"widget\" data-e-type=\"widget\" data-widget_type=\"menu-anchor.default\">\n\t\t\t\t\t\t\t<div class=\"elementor-menu-anchor\" id=\"motor\"><\/div>\n\t\t\t\t\t\t<\/div>\n\t\t\t\t<div class=\"elementor-element elementor-element-0f9577d elementor-widget elementor-widget-heading\" data-id=\"0f9577d\" data-element_type=\"widget\" data-e-type=\"widget\" data-widget_type=\"heading.default\">\n\t\t\t\t\t<h2 class=\"elementor-heading-title elementor-size-default\">Repair and overhaul of aircraft engines<\/h2>\t\t\t\t<\/div>\n\t\t\t\t<div class=\"elementor-element elementor-element-182c6cc elementor-widget elementor-widget-text-editor\" data-id=\"182c6cc\" data-element_type=\"widget\" data-e-type=\"widget\" data-widget_type=\"text-editor.default\">\n\t\t\t\t\t\t\t\t\t<p>Hos\u00a0<b>Norr\u00f8nafly Rakkestad AS<\/b>\u00a0we offer professional repair, overhaul and maintenance of aircraft engines for small aircraft. Over time, any engine will be subject to wear and tear, and damage may occur that requires follow-up. In connection with the annual overhaul, we carry out a thorough inspection of the engine, but if you experience problems or abnormal operation before the next inspection, you are always welcome to contact us.<\/p>\t\t\t\t\t\t\t\t<\/div>\n\t\t\t\t<div class=\"elementor-element elementor-element-f8a793d elementor-widget elementor-widget-heading\" data-id=\"f8a793d\" data-element_type=\"widget\" data-e-type=\"widget\" data-widget_type=\"heading.default\">\n\t\t\t\t\t<h3 class=\"elementor-heading-title elementor-size-default\">We perform:<\/h3>\t\t\t\t<\/div>\n\t\t\t\t<div class=\"elementor-element elementor-element-7af25e4 elementor-widget elementor-widget-text-editor\" data-id=\"7af25e4\" data-element_type=\"widget\" data-e-type=\"widget\" data-widget_type=\"text-editor.default\">\n\t\t\t\t\t\t\t\t\t<ul><li>Repair of engines and associated systems<\/li><li>Full engine overhaul<\/li><li>Shock load inspection and remediation after prop strike<\/li><li>Troubleshooting and inspections when purchasing aircraft.<\/li><\/ul>\t\t\t\t\t\t\t\t<\/div>\n\t\t\t\t<div class=\"elementor-element elementor-element-5486381 elementor-widget elementor-widget-text-editor\" data-id=\"5486381\" data-element_type=\"widget\" data-e-type=\"widget\" data-widget_type=\"text-editor.default\">\n\t\t\t\t\t\t\t\t\t<p>Once the fault has been identified, we repair or overhaul the engine with a focus on safety, quality and service life. After the work has been completed, we carry out thorough tests to ensure optimum performance and reliability before the engine is put back into service.<\/p>\t\t\t\t\t\t\t\t<\/div>\n\t\t\t\t<div class=\"elementor-element elementor-element-b3f0aa3 elementor-widget-divider--view-line elementor-widget elementor-widget-divider\" data-id=\"b3f0aa3\" data-element_type=\"widget\" data-e-type=\"widget\" data-widget_type=\"divider.default\">\n\t\t\t\t\t\t\t<div class=\"elementor-divider\">\n\t\t\t<span class=\"elementor-divider-separator\">\n\t\t\t\t\t\t<\/span>\n\t\t<\/div>\n\t\t\t\t\t\t<\/div>\n\t\t\t\t<div class=\"elementor-element elementor-element-8d1580b elementor-align-start elementor-icon-list--layout-inline elementor-mobile-align-center elementor-list-item-link-full_width elementor-widget elementor-widget-icon-list\" data-id=\"8d1580b\" data-element_type=\"widget\" data-e-type=\"widget\" data-widget_type=\"icon-list.default\">\n\t\t\t\t\t\t\t<ul class=\"elementor-icon-list-items elementor-inline-items\">\n\t\t\t\t\t\t\t<li class=\"elementor-icon-list-item elementor-inline-item\">\n\t\t\t\t\t\t\t\t\t\t\t<a href=\"tel:004769226000\">\n\n\t\t\t\t\t\t\t\t\t\t\t\t<span class=\"elementor-icon-list-icon\">\n\t\t\t\t\t\t\t<svg aria-hidden=\"true\" class=\"e-font-icon-svg e-fas-phone-alt\" viewbox=\"0 0 512 512\" xmlns=\"http:\/\/www.w3.org\/2000\/svg\"><path d=\"M497.39 361.8l-112-48a24 24 0 0 0-28 6.9l-49.6 60.6A370.66 370.66 0 0 1 130.6 204.11l60.6-49.6a23.94 23.94 0 0 0 6.9-28l-48-112A24.16 24.16 0 0 0 122.6.61l-104 24A24 24 0 0 0 0 48c0 256.5 207.9 464 464 464a24 24 0 0 0 23.4-18.6l24-104a24.29 24.29 0 0 0-14.01-27.6z\"><\/path><\/svg>\t\t\t\t\t\t<\/span>\n\t\t\t\t\t\t\t\t\t\t<span class=\"elementor-icon-list-text\">(+47) 69 22 60 00<\/span>\n\t\t\t\t\t\t\t\t\t\t\t<\/a>\n\t\t\t\t\t\t\t\t\t<\/li>\n\t\t\t\t\t\t\t\t<li class=\"elementor-icon-list-item elementor-inline-item\">\n\t\t\t\t\t\t\t\t\t\t\t<a href=\"mailto:hangar@norronafly.no\">\n\n\t\t\t\t\t\t\t\t\t\t\t\t<span class=\"elementor-icon-list-icon\">\n\t\t\t\t\t\t\t<svg aria-hidden=\"true\" class=\"e-font-icon-svg e-fas-envelope\" viewbox=\"0 0 512 512\" xmlns=\"http:\/\/www.w3.org\/2000\/svg\"><path d=\"M502.3 190.8c3.9-3.1 9.7-.2 9.7 4.7V400c0 26.5-21.5 48-48 48H48c-26.5 0-48-21.5-48-48V195.6c0-5 5.7-7.8 9.7-4.7 22.4 17.4 52.1 39.5 154.1 113.6 21.1 15.4 56.7 47.8 92.2 47.6 35.7.3 72-32.8 92.3-47.6 102-74.1 131.6-96.3 154-113.7zM256 320c23.2.4 56.6-29.2 73.4-41.4 132.7-96.3 142.8-104.7 173.4-128.7 5.8-4.5 9.2-11.5 9.2-18.9v-19c0-26.5-21.5-48-48-48H48C21.5 64 0 85.5 0 112v19c0 7.4 3.4 14.3 9.2 18.9 30.6 23.9 40.7 32.4 173.4 128.7 16.8 12.2 50.2 41.8 73.4 41.4z\"><\/path><\/svg>\t\t\t\t\t\t<\/span>\n\t\t\t\t\t\t\t\t\t\t<span class=\"elementor-icon-list-text\">hangar@norronafly.no<\/span>\n\t\t\t\t\t\t\t\t\t\t\t<\/a>\n\t\t\t\t\t\t\t\t\t<\/li>\n\t\t\t\t\t\t<\/ul>\n\t\t\t\t\t\t<\/div>\n\t\t\t\t<\/div>\n\t\t<div class=\"elementor-element elementor-element-3c1844a e-con-full e-flex e-con e-child\" data-id=\"3c1844a\" data-element_type=\"container\" data-e-type=\"container\">\n\t\t\t\t<div class=\"elementor-element elementor-element-042603a elementor-widget elementor-widget-image\" data-id=\"042603a\" data-element_type=\"widget\" data-e-type=\"widget\" data-widget_type=\"image.default\">\n\t\t\t\t\t\t\t\t\t\t\t\t\t\t\t<img fetchpriority=\"high\" decoding=\"async\" width=\"1620\" height=\"1080\" src=\"https:\/\/norronafly.no\/wp-content\/uploads\/2025\/10\/Norronafly-3949.jpg\" class=\"attachment-full size-full wp-image-884\" alt=\"Norronafly-3949\" srcset=\"https:\/\/norronafly.no\/wp-content\/uploads\/2025\/10\/Norronafly-3949.jpg 1620w, https:\/\/norronafly.no\/wp-content\/uploads\/2025\/10\/Norronafly-3949-300x200.jpg 300w, https:\/\/norronafly.no\/wp-content\/uploads\/2025\/10\/Norronafly-3949-1024x683.jpg 1024w, https:\/\/norronafly.no\/wp-content\/uploads\/2025\/10\/Norronafly-3949-768x512.jpg 768w, https:\/\/norronafly.no\/wp-content\/uploads\/2025\/10\/Norronafly-3949-1536x1024.jpg 1536w\" sizes=\"(max-width: 1620px) 100vw, 1620px\" \/>\t\t\t\t\t\t\t\t\t\t\t\t\t\t\t<\/div>\n\t\t\t\t<\/div>\n\t\t\t\t\t<\/div>\n\t\t\t\t<\/div>\n\t\t\t\t<\/div>","protected":false},"excerpt":{"rendered":"<p>Norr\u00f8nafly Rakkestad AS tilbyr vedlikehold av motorer til sm\u00e5fly. Reparasjon og overhaling av flymotor Hos\u00a0Norr\u00f8nafly Rakkestad AS\u00a0tilbyr vi profesjonell reparasjon, overhaling og vedlikehold av flymotorer for sm\u00e5fly. Over tid vil enhver motor utsettes for slitasje, og det kan oppst\u00e5 skader som krever oppf\u00f8lging. I forbindelse med det \u00e5rlige ettersynet utf\u00f8rer vi en grundig inspeksjon av [&hellip;]<\/p>\n","protected":false},"author":1,"featured_media":0,"parent":165,"menu_order":0,"comment_status":"closed","ping_status":"closed","template":"","meta":{"footnotes":""},"class_list":["post-170","page","type-page","status-publish","hentry"],"yoast_head":"<!-- This site is optimized with the Yoast SEO plugin v27.2 - https:\/\/yoast.com\/product\/yoast-seo-wordpress\/ -->\n<title>Motor - Norr\u00f8nafly Rakkestad As<\/title>\n<meta name=\"robots\" content=\"index, follow, max-snippet:-1, max-image-preview:large, max-video-preview:-1\" \/>\n<link rel=\"canonical\" href=\"https:\/\/norronafly.no\/en\/verksted\/motor\/\" \/>\n<meta property=\"og:locale\" content=\"en_GB\" \/>\n<meta property=\"og:type\" content=\"article\" \/>\n<meta property=\"og:title\" content=\"Motor - Norr\u00f8nafly Rakkestad As\" \/>\n<meta property=\"og:description\" content=\"Norr\u00f8nafly Rakkestad AS tilbyr vedlikehold av motorer til sm\u00e5fly. Reparasjon og overhaling av flymotor Hos\u00a0Norr\u00f8nafly Rakkestad AS\u00a0tilbyr vi profesjonell reparasjon, overhaling og vedlikehold av flymotorer for sm\u00e5fly. Over tid vil enhver motor utsettes for slitasje, og det kan oppst\u00e5 skader som krever oppf\u00f8lging. I forbindelse med det \u00e5rlige ettersynet utf\u00f8rer vi en grundig inspeksjon av [&hellip;]\" \/>\n<meta property=\"og:url\" content=\"https:\/\/norronafly.no\/en\/verksted\/motor\/\" \/>\n<meta property=\"og:site_name\" content=\"Norr\u00f8nafly Rakkestad As\" \/>\n<meta property=\"article:publisher\" content=\"https:\/\/www.facebook.com\/NorronaflyRakkestadAs\/\" \/>\n<meta property=\"article:modified_time\" content=\"2025-12-02T07:26:33+00:00\" \/>\n<meta property=\"og:image\" content=\"https:\/\/norronafly.no\/wp-content\/uploads\/2025\/10\/Norronafly-3949.jpg\" \/>\n\t<meta property=\"og:image:width\" content=\"1620\" \/>\n\t<meta property=\"og:image:height\" content=\"1080\" \/>\n\t<meta property=\"og:image:type\" content=\"image\/jpeg\" \/>\n<meta name=\"twitter:card\" content=\"summary_large_image\" \/>\n<meta name=\"twitter:label1\" content=\"Estimated reading time\" \/>\n\t<meta name=\"twitter:data1\" content=\"1 minute\" \/>\n<script type=\"application\/ld+json\" class=\"yoast-schema-graph\">{\"@context\":\"https:\/\/schema.org\",\"@graph\":[{\"@type\":\"WebPage\",\"@id\":\"https:\/\/norronafly.no\/verksted\/motor\/\",\"url\":\"https:\/\/norronafly.no\/verksted\/motor\/\",\"name\":\"Motor - Norr\u00f8nafly Rakkestad As\",\"isPartOf\":{\"@id\":\"https:\/\/norronafly.no\/#website\"},\"primaryImageOfPage\":{\"@id\":\"https:\/\/norronafly.no\/verksted\/motor\/#primaryimage\"},\"image\":{\"@id\":\"https:\/\/norronafly.no\/verksted\/motor\/#primaryimage\"},\"thumbnailUrl\":\"https:\/\/norronafly.no\/wp-content\/uploads\/2025\/10\/Norronafly-3949.jpg\",\"datePublished\":\"2025-09-23T12:01:15+00:00\",\"dateModified\":\"2025-12-02T07:26:33+00:00\",\"breadcrumb\":{\"@id\":\"https:\/\/norronafly.no\/verksted\/motor\/#breadcrumb\"},\"inLanguage\":\"en-GB\",\"potentialAction\":[{\"@type\":\"ReadAction\",\"target\":[\"https:\/\/norronafly.no\/verksted\/motor\/\"]}]},{\"@type\":\"ImageObject\",\"inLanguage\":\"en-GB\",\"@id\":\"https:\/\/norronafly.no\/verksted\/motor\/#primaryimage\",\"url\":\"https:\/\/norronafly.no\/wp-content\/uploads\/2025\/10\/Norronafly-3949.jpg\",\"contentUrl\":\"https:\/\/norronafly.no\/wp-content\/uploads\/2025\/10\/Norronafly-3949.jpg\"},{\"@type\":\"BreadcrumbList\",\"@id\":\"https:\/\/norronafly.no\/verksted\/motor\/#breadcrumb\",\"itemListElement\":[{\"@type\":\"ListItem\",\"position\":1,\"name\":\"Hjem\",\"item\":\"https:\/\/norronafly.no\/\"},{\"@type\":\"ListItem\",\"position\":2,\"name\":\"Verksted\",\"item\":\"https:\/\/norronafly.no\/verksted\/\"},{\"@type\":\"ListItem\",\"position\":3,\"name\":\"Motor\"}]},{\"@type\":\"WebSite\",\"@id\":\"https:\/\/norronafly.no\/#website\",\"url\":\"https:\/\/norronafly.no\/\",\"name\":\"Norr\u00f8nafly Rakkestad As\",\"description\":\"Flyverksted og kj\u00f8p\/salg av fly og deler i Rakkestad\",\"publisher\":{\"@id\":\"https:\/\/norronafly.no\/#organization\"},\"potentialAction\":[{\"@type\":\"SearchAction\",\"target\":{\"@type\":\"EntryPoint\",\"urlTemplate\":\"https:\/\/norronafly.no\/?s={search_term_string}\"},\"query-input\":{\"@type\":\"PropertyValueSpecification\",\"valueRequired\":true,\"valueName\":\"search_term_string\"}}],\"inLanguage\":\"en-GB\"},{\"@type\":\"Organization\",\"@id\":\"https:\/\/norronafly.no\/#organization\",\"name\":\"Norr\u00f8nafly Rakkestad AS\",\"url\":\"https:\/\/norronafly.no\/\",\"logo\":{\"@type\":\"ImageObject\",\"inLanguage\":\"en-GB\",\"@id\":\"https:\/\/norronafly.no\/#\/schema\/logo\/image\/\",\"url\":\"https:\/\/norronafly.no\/wp-content\/uploads\/2025\/09\/Norronafly-logo.png\",\"contentUrl\":\"https:\/\/norronafly.no\/wp-content\/uploads\/2025\/09\/Norronafly-logo.png\",\"width\":996,\"height\":195,\"caption\":\"Norr\u00f8nafly Rakkestad AS\"},\"image\":{\"@id\":\"https:\/\/norronafly.no\/#\/schema\/logo\/image\/\"},\"sameAs\":[\"https:\/\/www.facebook.com\/NorronaflyRakkestadAs\/\"]}]}<\/script>\n<!-- \/ Yoast SEO plugin. -->","yoast_head_json":{"title":"Motor - Norr\u00f8nafly Rakkestad As","robots":{"index":"index","follow":"follow","max-snippet":"max-snippet:-1","max-image-preview":"max-image-preview:large","max-video-preview":"max-video-preview:-1"},"canonical":"https:\/\/norronafly.no\/en\/verksted\/motor\/","og_locale":"en_GB","og_type":"article","og_title":"Motor - Norr\u00f8nafly Rakkestad As","og_description":"Norr\u00f8nafly Rakkestad AS tilbyr vedlikehold av motorer til sm\u00e5fly. Reparasjon og overhaling av flymotor Hos\u00a0Norr\u00f8nafly Rakkestad AS\u00a0tilbyr vi profesjonell reparasjon, overhaling og vedlikehold av flymotorer for sm\u00e5fly. Over tid vil enhver motor utsettes for slitasje, og det kan oppst\u00e5 skader som krever oppf\u00f8lging. I forbindelse med det \u00e5rlige ettersynet utf\u00f8rer vi en grundig inspeksjon av [&hellip;]","og_url":"https:\/\/norronafly.no\/en\/verksted\/motor\/","og_site_name":"Norr\u00f8nafly Rakkestad As","article_publisher":"https:\/\/www.facebook.com\/NorronaflyRakkestadAs\/","article_modified_time":"2025-12-02T07:26:33+00:00","og_image":[{"width":1620,"height":1080,"url":"https:\/\/norronafly.no\/wp-content\/uploads\/2025\/10\/Norronafly-3949.jpg","type":"image\/jpeg"}],"twitter_card":"summary_large_image","twitter_misc":{"Estimated reading time":"1 minute"},"schema":{"@context":"https:\/\/schema.org","@graph":[{"@type":"WebPage","@id":"https:\/\/norronafly.no\/verksted\/motor\/","url":"https:\/\/norronafly.no\/verksted\/motor\/","name":"Motor - Norr\u00f8nafly Rakkestad As","isPartOf":{"@id":"https:\/\/norronafly.no\/#website"},"primaryImageOfPage":{"@id":"https:\/\/norronafly.no\/verksted\/motor\/#primaryimage"},"image":{"@id":"https:\/\/norronafly.no\/verksted\/motor\/#primaryimage"},"thumbnailUrl":"https:\/\/norronafly.no\/wp-content\/uploads\/2025\/10\/Norronafly-3949.jpg","datePublished":"2025-09-23T12:01:15+00:00","dateModified":"2025-12-02T07:26:33+00:00","breadcrumb":{"@id":"https:\/\/norronafly.no\/verksted\/motor\/#breadcrumb"},"inLanguage":"en-GB","potentialAction":[{"@type":"ReadAction","target":["https:\/\/norronafly.no\/verksted\/motor\/"]}]},{"@type":"ImageObject","inLanguage":"en-GB","@id":"https:\/\/norronafly.no\/verksted\/motor\/#primaryimage","url":"https:\/\/norronafly.no\/wp-content\/uploads\/2025\/10\/Norronafly-3949.jpg","contentUrl":"https:\/\/norronafly.no\/wp-content\/uploads\/2025\/10\/Norronafly-3949.jpg"},{"@type":"BreadcrumbList","@id":"https:\/\/norronafly.no\/verksted\/motor\/#breadcrumb","itemListElement":[{"@type":"ListItem","position":1,"name":"Hjem","item":"https:\/\/norronafly.no\/"},{"@type":"ListItem","position":2,"name":"Verksted","item":"https:\/\/norronafly.no\/verksted\/"},{"@type":"ListItem","position":3,"name":"Motor"}]},{"@type":"WebSite","@id":"https:\/\/norronafly.no\/#website","url":"https:\/\/norronafly.no\/","name":"Norr\u00f8nafly Rakkestad As","description":"Aircraft workshop and purchase\/sale of aircraft and parts in Rakkestad","publisher":{"@id":"https:\/\/norronafly.no\/#organization"},"potentialAction":[{"@type":"SearchAction","target":{"@type":"EntryPoint","urlTemplate":"https:\/\/norronafly.no\/?s={search_term_string}"},"query-input":{"@type":"PropertyValueSpecification","valueRequired":true,"valueName":"search_term_string"}}],"inLanguage":"en-GB"},{"@type":"Organization","@id":"https:\/\/norronafly.no\/#organization","name":"Norr\u00f8nafly Rakkestad AS","url":"https:\/\/norronafly.no\/","logo":{"@type":"ImageObject","inLanguage":"en-GB","@id":"https:\/\/norronafly.no\/#\/schema\/logo\/image\/","url":"https:\/\/norronafly.no\/wp-content\/uploads\/2025\/09\/Norronafly-logo.png","contentUrl":"https:\/\/norronafly.no\/wp-content\/uploads\/2025\/09\/Norronafly-logo.png","width":996,"height":195,"caption":"Norr\u00f8nafly Rakkestad AS"},"image":{"@id":"https:\/\/norronafly.no\/#\/schema\/logo\/image\/"},"sameAs":["https:\/\/www.facebook.com\/NorronaflyRakkestadAs\/"]}]}},"_links":{"self":[{"href":"https:\/\/norronafly.no\/en\/wp-json\/wp\/v2\/pages\/170","targetHints":{"allow":["GET"]}}],"collection":[{"href":"https:\/\/norronafly.no\/en\/wp-json\/wp\/v2\/pages"}],"about":[{"href":"https:\/\/norronafly.no\/en\/wp-json\/wp\/v2\/types\/page"}],"author":[{"embeddable":true,"href":"https:\/\/norronafly.no\/en\/wp-json\/wp\/v2\/users\/1"}],"replies":[{"embeddable":true,"href":"https:\/\/norronafly.no\/en\/wp-json\/wp\/v2\/comments?post=170"}],"version-history":[{"count":73,"href":"https:\/\/norronafly.no\/en\/wp-json\/wp\/v2\/pages\/170\/revisions"}],"predecessor-version":[{"id":1294,"href":"https:\/\/norronafly.no\/en\/wp-json\/wp\/v2\/pages\/170\/revisions\/1294"}],"up":[{"embeddable":true,"href":"https:\/\/norronafly.no\/en\/wp-json\/wp\/v2\/pages\/165"}],"wp:attachment":[{"href":"https:\/\/norronafly.no\/en\/wp-json\/wp\/v2\/media?parent=170"}],"curies":[{"name":"wp","href":"https:\/\/api.w.org\/{rel}","templated":true}]}}