{"id":165,"date":"2025-09-23T13:59:32","date_gmt":"2025-09-23T11:59:32","guid":{"rendered":"https:\/\/norronafly.no\/?page_id=165"},"modified":"2025-12-03T13:43:18","modified_gmt":"2025-12-03T12:43:18","slug":"verksted","status":"publish","type":"page","link":"https:\/\/norronafly.no\/en\/verksted\/","title":{"rendered":"Workshop"},"content":{"rendered":"<div data-elementor-type=\"wp-page\" data-elementor-id=\"165\" class=\"elementor elementor-165\" data-elementor-post-type=\"page\">\n\t\t\t\t<div class=\"elementor-element elementor-element-7817e7f e-flex e-con-boxed e-con e-parent\" data-id=\"7817e7f\" data-element_type=\"container\" data-e-type=\"container\" data-settings=\"{&quot;background_background&quot;:&quot;classic&quot;}\">\n\t\t\t\t\t<div class=\"e-con-inner\">\n\t\t\t\t<div class=\"elementor-element elementor-element-0c12635 elementor-view-framed elementor-shape-circle elementor-invisible elementor-widget elementor-widget-icon\" data-id=\"0c12635\" data-element_type=\"widget\" data-e-type=\"widget\" data-settings=\"{&quot;_animation&quot;:&quot;fadeInDown&quot;,&quot;_animation_delay&quot;:300}\" data-widget_type=\"icon.default\">\n\t\t\t\t\t\t\t<div class=\"elementor-icon-wrapper\">\n\t\t\t<a class=\"elementor-icon\" href=\"#verksted\">\n\t\t\t<svg aria-hidden=\"true\" class=\"e-font-icon-svg e-fas-arrow-alt-circle-down\" viewbox=\"0 0 512 512\" xmlns=\"http:\/\/www.w3.org\/2000\/svg\"><path d=\"M504 256c0 137-111 248-248 248S8 393 8 256 119 8 256 8s248 111 248 248zM212 140v116h-70.9c-10.7 0-16.1 13-8.5 20.5l114.9 114.3c4.7 4.7 12.2 4.7 16.9 0l114.9-114.3c7.6-7.6 2.2-20.5-8.5-20.5H300V140c0-6.6-5.4-12-12-12h-64c-6.6 0-12 5.4-12 12z\"><\/path><\/svg>\t\t\t<\/a>\n\t\t<\/div>\n\t\t\t\t\t\t<\/div>\n\t\t\t\t\t<\/div>\n\t\t\t\t<\/div>\n\t\t<div class=\"elementor-element elementor-element-19a1310 e-flex e-con-boxed e-con e-parent\" data-id=\"19a1310\" data-element_type=\"container\" data-e-type=\"container\" data-settings=\"{&quot;background_background&quot;:&quot;classic&quot;}\">\n\t\t\t\t\t<div class=\"e-con-inner\">\n\t\t\t\t<div class=\"elementor-element elementor-element-ad058ff elementor-widget elementor-widget-heading\" data-id=\"ad058ff\" data-element_type=\"widget\" data-e-type=\"widget\" data-widget_type=\"heading.default\">\n\t\t\t\t\t<span class=\"elementor-heading-title elementor-size-default\">Norr\u00f8nafly Rakkestad AS is an aircraft workshop based at Rakkestad Airport, \u00c5storp.<\/span>\t\t\t\t<\/div>\n\t\t\t\t\t<\/div>\n\t\t\t\t<\/div>\n\t\t<div class=\"elementor-element elementor-element-2c43923 e-flex e-con-boxed e-con e-parent\" data-id=\"2c43923\" data-element_type=\"container\" data-e-type=\"container\">\n\t\t\t\t\t<div class=\"e-con-inner\">\n\t\t<div class=\"elementor-element elementor-element-40478e4 e-con-full e-flex e-con e-child\" data-id=\"40478e4\" data-element_type=\"container\" data-e-type=\"container\">\n\t\t\t\t<div class=\"elementor-element elementor-element-23ee363 elementor-widget elementor-widget-menu-anchor\" data-id=\"23ee363\" data-element_type=\"widget\" data-e-type=\"widget\" data-widget_type=\"menu-anchor.default\">\n\t\t\t\t\t\t\t<div class=\"elementor-menu-anchor\" id=\"verksted\"><\/div>\n\t\t\t\t\t\t<\/div>\n\t\t\t\t<div class=\"elementor-element elementor-element-0f9577d elementor-widget elementor-widget-heading\" data-id=\"0f9577d\" data-element_type=\"widget\" data-e-type=\"widget\" data-widget_type=\"heading.default\">\n\t\t\t\t\t<h2 class=\"elementor-heading-title elementor-size-default\">Workshop and hangar<\/h2>\t\t\t\t<\/div>\n\t\t\t\t<div class=\"elementor-element elementor-element-182c6cc elementor-widget elementor-widget-text-editor\" data-id=\"182c6cc\" data-element_type=\"widget\" data-e-type=\"widget\" data-widget_type=\"text-editor.default\">\n\t\t\t\t\t\t\t\t\t<p>Norr\u00f8nafly (formerly Norr\u00f8nafly Propeller &amp; Parts) was founded at Fornebu in 1953. Norr\u00f8nafly was founded by Odvar Korsvold in 1953 and had a hangar, workshop and office. At that time, Norr\u00f8nafly was located in the part of Fornebu called \u00abDumpa\u00bb. In the early years, Norr\u00f8nafly's business was photo flights, sightseeing flights and all kinds of cargo flights.<\/p><p>In 1958, Norr\u00f8nafly acquired a Convair 240 that was registered as LN-LAU. In co-operation with Erik Myhre Reisebyr\u00e5, Norr\u00f8nafly started charter flights for package tourists to Mallorca. Unfortunately, it was only for this one season. Korsvold realised that Norr\u00f8nafly did not have the financial muscle to compete with the big players. He continued to focus on the market he knew best, with small aircraft.<\/p><p>In 1969, he bought the \u00c5storp farm in Rakkestad, where a hangar and airstrip were built, which today is known as Rakkestad Airport, Aastorp. Norr\u00f8nafly has operated in Rakkestad since 1971, and in 1973 we became Norr\u00f8nafly-Rakkestad AS.<\/p>\t\t\t\t\t\t\t\t<\/div>\n\t\t\t\t<div class=\"elementor-element elementor-element-9713b11 elementor-widget-divider--view-line elementor-widget elementor-widget-divider\" data-id=\"9713b11\" data-element_type=\"widget\" data-e-type=\"widget\" data-widget_type=\"divider.default\">\n\t\t\t\t\t\t\t<div class=\"elementor-divider\">\n\t\t\t<span class=\"elementor-divider-separator\">\n\t\t\t\t\t\t<\/span>\n\t\t<\/div>\n\t\t\t\t\t\t<\/div>\n\t\t\t\t<div class=\"elementor-element elementor-element-6cdf3c0 elementor-align-start elementor-icon-list--layout-inline elementor-mobile-align-center elementor-tablet-align-center elementor-list-item-link-full_width elementor-widget elementor-widget-icon-list\" data-id=\"6cdf3c0\" data-element_type=\"widget\" data-e-type=\"widget\" data-widget_type=\"icon-list.default\">\n\t\t\t\t\t\t\t<ul class=\"elementor-icon-list-items elementor-inline-items\">\n\t\t\t\t\t\t\t<li class=\"elementor-icon-list-item elementor-inline-item\">\n\t\t\t\t\t\t\t\t\t\t\t<a href=\"tel:004769226000\">\n\n\t\t\t\t\t\t\t\t\t\t\t\t<span class=\"elementor-icon-list-icon\">\n\t\t\t\t\t\t\t<svg aria-hidden=\"true\" class=\"e-font-icon-svg e-fas-phone-alt\" viewbox=\"0 0 512 512\" xmlns=\"http:\/\/www.w3.org\/2000\/svg\"><path d=\"M497.39 361.8l-112-48a24 24 0 0 0-28 6.9l-49.6 60.6A370.66 370.66 0 0 1 130.6 204.11l60.6-49.6a23.94 23.94 0 0 0 6.9-28l-48-112A24.16 24.16 0 0 0 122.6.61l-104 24A24 24 0 0 0 0 48c0 256.5 207.9 464 464 464a24 24 0 0 0 23.4-18.6l24-104a24.29 24.29 0 0 0-14.01-27.6z\"><\/path><\/svg>\t\t\t\t\t\t<\/span>\n\t\t\t\t\t\t\t\t\t\t<span class=\"elementor-icon-list-text\">(+47) 69 22 60 00<\/span>\n\t\t\t\t\t\t\t\t\t\t\t<\/a>\n\t\t\t\t\t\t\t\t\t<\/li>\n\t\t\t\t\t\t\t\t<li class=\"elementor-icon-list-item elementor-inline-item\">\n\t\t\t\t\t\t\t\t\t\t\t<a href=\"mailto:hangar@norronafly.no\">\n\n\t\t\t\t\t\t\t\t\t\t\t\t<span class=\"elementor-icon-list-icon\">\n\t\t\t\t\t\t\t<svg aria-hidden=\"true\" class=\"e-font-icon-svg e-fas-envelope\" viewbox=\"0 0 512 512\" xmlns=\"http:\/\/www.w3.org\/2000\/svg\"><path d=\"M502.3 190.8c3.9-3.1 9.7-.2 9.7 4.7V400c0 26.5-21.5 48-48 48H48c-26.5 0-48-21.5-48-48V195.6c0-5 5.7-7.8 9.7-4.7 22.4 17.4 52.1 39.5 154.1 113.6 21.1 15.4 56.7 47.8 92.2 47.6 35.7.3 72-32.8 92.3-47.6 102-74.1 131.6-96.3 154-113.7zM256 320c23.2.4 56.6-29.2 73.4-41.4 132.7-96.3 142.8-104.7 173.4-128.7 5.8-4.5 9.2-11.5 9.2-18.9v-19c0-26.5-21.5-48-48-48H48C21.5 64 0 85.5 0 112v19c0 7.4 3.4 14.3 9.2 18.9 30.6 23.9 40.7 32.4 173.4 128.7 16.8 12.2 50.2 41.8 73.4 41.4z\"><\/path><\/svg>\t\t\t\t\t\t<\/span>\n\t\t\t\t\t\t\t\t\t\t<span class=\"elementor-icon-list-text\">hangar@norronafly.no<\/span>\n\t\t\t\t\t\t\t\t\t\t\t<\/a>\n\t\t\t\t\t\t\t\t\t<\/li>\n\t\t\t\t\t\t<\/ul>\n\t\t\t\t\t\t<\/div>\n\t\t\t\t<\/div>\n\t\t<div class=\"elementor-element elementor-element-3c1844a e-con-full e-flex e-con e-child\" data-id=\"3c1844a\" data-element_type=\"container\" data-e-type=\"container\">\n\t\t\t\t<div class=\"elementor-element elementor-element-042603a elementor-widget elementor-widget-image\" data-id=\"042603a\" data-element_type=\"widget\" data-e-type=\"widget\" data-widget_type=\"image.default\">\n\t\t\t\t\t\t\t\t\t\t\t\t\t\t\t<img fetchpriority=\"high\" decoding=\"async\" width=\"1620\" height=\"1080\" src=\"https:\/\/norronafly.no\/wp-content\/uploads\/2025\/10\/Norronafly-3978.jpg\" class=\"attachment-full size-full wp-image-887\" alt=\"Norronafly-3978\" srcset=\"https:\/\/norronafly.no\/wp-content\/uploads\/2025\/10\/Norronafly-3978.jpg 1620w, https:\/\/norronafly.no\/wp-content\/uploads\/2025\/10\/Norronafly-3978-300x200.jpg 300w, https:\/\/norronafly.no\/wp-content\/uploads\/2025\/10\/Norronafly-3978-1024x683.jpg 1024w, https:\/\/norronafly.no\/wp-content\/uploads\/2025\/10\/Norronafly-3978-768x512.jpg 768w, https:\/\/norronafly.no\/wp-content\/uploads\/2025\/10\/Norronafly-3978-1536x1024.jpg 1536w\" sizes=\"(max-width: 1620px) 100vw, 1620px\" \/>\t\t\t\t\t\t\t\t\t\t\t\t\t\t\t<\/div>\n\t\t\t\t<\/div>\n\t\t\t\t\t<\/div>\n\t\t\t\t<\/div>\n\t\t<div class=\"elementor-element elementor-element-10d46e0 e-flex e-con-boxed e-con e-parent\" data-id=\"10d46e0\" data-element_type=\"container\" data-e-type=\"container\">\n\t\t\t\t\t<div class=\"e-con-inner\">\n\t\t<div class=\"elementor-element elementor-element-e9803cc e-con-full e-flex e-con e-child\" data-id=\"e9803cc\" data-element_type=\"container\" data-e-type=\"container\">\n\t\t\t\t<div class=\"elementor-element elementor-element-d0c1625 elementor-widget elementor-widget-heading\" data-id=\"d0c1625\" data-element_type=\"widget\" data-e-type=\"widget\" data-widget_type=\"heading.default\">\n\t\t\t\t\t<h2 class=\"elementor-heading-title elementor-size-default\">Sale of approved aircraft parts<\/h2>\t\t\t\t<\/div>\n\t\t\t\t<div class=\"elementor-element elementor-element-7283429 elementor-widget elementor-widget-text-editor\" data-id=\"7283429\" data-element_type=\"widget\" data-e-type=\"widget\" data-widget_type=\"text-editor.default\">\n\t\t\t\t\t\t\t\t\t<p>At Norr\u00f8nafly Rakkestad AS, we offer a wide range of approved and traceable aircraft parts for small aircraft. All parts are supplied with the necessary documentation and traceability, and fulfil current aviation standards. When quality and safety are paramount, you should be able to trust the parts you install.<\/p><p>We are an authorised Textron Service Centre, and supply original Textron parts for Cessna, among others. In addition, we sell parts for several popular aircraft types, and can source most parts through our extensive supplier network.<\/p>\t\t\t\t\t\t\t\t<\/div>\n\t\t\t\t<div class=\"elementor-element elementor-element-f4c6b99 elementor-widget elementor-widget-heading\" data-id=\"f4c6b99\" data-element_type=\"widget\" data-e-type=\"widget\" data-widget_type=\"heading.default\">\n\t\t\t\t\t<h3 class=\"elementor-heading-title elementor-size-default\">Among other things, we offer parts for:<\/h3>\t\t\t\t<\/div>\n\t\t\t\t<div class=\"elementor-element elementor-element-9ac9a41 elementor-widget elementor-widget-text-editor\" data-id=\"9ac9a41\" data-element_type=\"widget\" data-e-type=\"widget\" data-widget_type=\"text-editor.default\">\n\t\t\t\t\t\t\t\t\t<ul><li>Textron (Cessna) - original parts for service and maintenance<\/li><li>Piper<\/li><li>Diamond<\/li><li>Rotax<\/li><li>As well as other approved and certified component manufacturers<\/li><\/ul>\t\t\t\t\t\t\t\t<\/div>\n\t\t\t\t<div class=\"elementor-element elementor-element-036af60 elementor-widget elementor-widget-text-editor\" data-id=\"036af60\" data-element_type=\"widget\" data-e-type=\"widget\" data-widget_type=\"text-editor.default\">\n\t\t\t\t\t\t\t\t\t<p>If you need wearing parts, spare parts or larger components, we help you quickly and efficiently find the right part for your aircraft. If the item is not in stock, we order and procure it with a short delivery time - always with traceability and approval in order.<\/p><p><strong>Safe, traceable and approved - that's how it should be when you buy aircraft parts.<\/strong><\/p>\t\t\t\t\t\t\t\t<\/div>\n\t\t\t\t<\/div>\n\t\t<div class=\"elementor-element elementor-element-9e43551 e-con-full e-flex e-con e-child\" data-id=\"9e43551\" data-element_type=\"container\" data-e-type=\"container\">\n\t\t\t\t<div class=\"elementor-element elementor-element-9f6b961 elementor-widget elementor-widget-image\" data-id=\"9f6b961\" data-element_type=\"widget\" data-e-type=\"widget\" data-widget_type=\"image.default\">\n\t\t\t\t\t\t\t\t\t\t\t\t\t\t\t<img decoding=\"async\" src=\"https:\/\/norronafly.no\/wp-content\/uploads\/2025\/10\/Norronafly-3824-\u2013-Kopi.jpg\" title=\"\" alt=\"\" loading=\"lazy\" \/>\t\t\t\t\t\t\t\t\t\t\t\t\t\t\t<\/div>\n\t\t\t\t<\/div>\n\t\t\t\t\t<\/div>\n\t\t\t\t<\/div>\n\t\t\t\t<\/div>","protected":false},"excerpt":{"rendered":"<p>Norr\u00f8nafly Rakkestad AS er et flyverksted med base p\u00e5 Rakkestad flyplass, \u00c5storp. Verksted og hangar Norr\u00f8nafly (tidligere Norr\u00f8nafly Propeller &amp; Parts) ble startet p\u00e5 Fornebu i 1953. Norr\u00f8nafly ble stiftet av Odvar Korsvold i 1953 og hadde hangar, verksted og kontor. P\u00e5 den tiden l\u00e5 Norr\u00f8nafly i den delen av Fornebu som kalles \u00abDumpa\u00bb. De [&hellip;]<\/p>\n","protected":false},"author":1,"featured_media":0,"parent":0,"menu_order":0,"comment_status":"closed","ping_status":"closed","template":"","meta":{"footnotes":""},"class_list":["post-165","page","type-page","status-publish","hentry"],"yoast_head":"<!-- This site is optimized with the Yoast SEO plugin v27.2 - https:\/\/yoast.com\/product\/yoast-seo-wordpress\/ -->\n<title>Verksted - Norr\u00f8nafly Rakkestad As<\/title>\n<meta name=\"robots\" content=\"index, follow, max-snippet:-1, max-image-preview:large, max-video-preview:-1\" \/>\n<link rel=\"canonical\" href=\"https:\/\/norronafly.no\/en\/verksted\/\" \/>\n<meta property=\"og:locale\" content=\"en_GB\" \/>\n<meta property=\"og:type\" content=\"article\" \/>\n<meta property=\"og:title\" content=\"Verksted - Norr\u00f8nafly Rakkestad As\" \/>\n<meta property=\"og:description\" content=\"Norr\u00f8nafly Rakkestad AS er et flyverksted med base p\u00e5 Rakkestad flyplass, \u00c5storp. Verksted og hangar Norr\u00f8nafly (tidligere Norr\u00f8nafly Propeller &amp; Parts) ble startet p\u00e5 Fornebu i 1953. Norr\u00f8nafly ble stiftet av Odvar Korsvold i 1953 og hadde hangar, verksted og kontor. P\u00e5 den tiden l\u00e5 Norr\u00f8nafly i den delen av Fornebu som kalles \u00abDumpa\u00bb. De [&hellip;]\" \/>\n<meta property=\"og:url\" content=\"https:\/\/norronafly.no\/en\/verksted\/\" \/>\n<meta property=\"og:site_name\" content=\"Norr\u00f8nafly Rakkestad As\" \/>\n<meta property=\"article:publisher\" content=\"https:\/\/www.facebook.com\/NorronaflyRakkestadAs\/\" \/>\n<meta property=\"article:modified_time\" content=\"2025-12-03T12:43:18+00:00\" \/>\n<meta property=\"og:image\" content=\"https:\/\/norronafly.no\/wp-content\/uploads\/2025\/10\/Norronafly-3978.jpg\" \/>\n<meta name=\"twitter:card\" content=\"summary_large_image\" \/>\n<meta name=\"twitter:label1\" content=\"Estimated reading time\" \/>\n\t<meta name=\"twitter:data1\" content=\"2 minutes\" \/>\n<script type=\"application\/ld+json\" class=\"yoast-schema-graph\">{\"@context\":\"https:\/\/schema.org\",\"@graph\":[{\"@type\":\"WebPage\",\"@id\":\"https:\/\/norronafly.no\/verksted\/\",\"url\":\"https:\/\/norronafly.no\/verksted\/\",\"name\":\"Verksted - Norr\u00f8nafly Rakkestad As\",\"isPartOf\":{\"@id\":\"https:\/\/norronafly.no\/#website\"},\"primaryImageOfPage\":{\"@id\":\"https:\/\/norronafly.no\/verksted\/#primaryimage\"},\"image\":{\"@id\":\"https:\/\/norronafly.no\/verksted\/#primaryimage\"},\"thumbnailUrl\":\"https:\/\/norronafly.no\/wp-content\/uploads\/2025\/10\/Norronafly-3978.jpg\",\"datePublished\":\"2025-09-23T11:59:32+00:00\",\"dateModified\":\"2025-12-03T12:43:18+00:00\",\"breadcrumb\":{\"@id\":\"https:\/\/norronafly.no\/verksted\/#breadcrumb\"},\"inLanguage\":\"en-GB\",\"potentialAction\":[{\"@type\":\"ReadAction\",\"target\":[\"https:\/\/norronafly.no\/verksted\/\"]}]},{\"@type\":\"ImageObject\",\"inLanguage\":\"en-GB\",\"@id\":\"https:\/\/norronafly.no\/verksted\/#primaryimage\",\"url\":\"https:\/\/norronafly.no\/wp-content\/uploads\/2025\/10\/Norronafly-3978.jpg\",\"contentUrl\":\"https:\/\/norronafly.no\/wp-content\/uploads\/2025\/10\/Norronafly-3978.jpg\"},{\"@type\":\"BreadcrumbList\",\"@id\":\"https:\/\/norronafly.no\/verksted\/#breadcrumb\",\"itemListElement\":[{\"@type\":\"ListItem\",\"position\":1,\"name\":\"Hjem\",\"item\":\"https:\/\/norronafly.no\/\"},{\"@type\":\"ListItem\",\"position\":2,\"name\":\"Verksted\"}]},{\"@type\":\"WebSite\",\"@id\":\"https:\/\/norronafly.no\/#website\",\"url\":\"https:\/\/norronafly.no\/\",\"name\":\"Norr\u00f8nafly Rakkestad As\",\"description\":\"Flyverksted og kj\u00f8p\/salg av fly og deler i Rakkestad\",\"publisher\":{\"@id\":\"https:\/\/norronafly.no\/#organization\"},\"potentialAction\":[{\"@type\":\"SearchAction\",\"target\":{\"@type\":\"EntryPoint\",\"urlTemplate\":\"https:\/\/norronafly.no\/?s={search_term_string}\"},\"query-input\":{\"@type\":\"PropertyValueSpecification\",\"valueRequired\":true,\"valueName\":\"search_term_string\"}}],\"inLanguage\":\"en-GB\"},{\"@type\":\"Organization\",\"@id\":\"https:\/\/norronafly.no\/#organization\",\"name\":\"Norr\u00f8nafly Rakkestad AS\",\"url\":\"https:\/\/norronafly.no\/\",\"logo\":{\"@type\":\"ImageObject\",\"inLanguage\":\"en-GB\",\"@id\":\"https:\/\/norronafly.no\/#\/schema\/logo\/image\/\",\"url\":\"https:\/\/norronafly.no\/wp-content\/uploads\/2025\/09\/Norronafly-logo.png\",\"contentUrl\":\"https:\/\/norronafly.no\/wp-content\/uploads\/2025\/09\/Norronafly-logo.png\",\"width\":996,\"height\":195,\"caption\":\"Norr\u00f8nafly Rakkestad AS\"},\"image\":{\"@id\":\"https:\/\/norronafly.no\/#\/schema\/logo\/image\/\"},\"sameAs\":[\"https:\/\/www.facebook.com\/NorronaflyRakkestadAs\/\"]}]}<\/script>\n<!-- \/ Yoast SEO plugin. -->","yoast_head_json":{"title":"Verksted - Norr\u00f8nafly Rakkestad As","robots":{"index":"index","follow":"follow","max-snippet":"max-snippet:-1","max-image-preview":"max-image-preview:large","max-video-preview":"max-video-preview:-1"},"canonical":"https:\/\/norronafly.no\/en\/verksted\/","og_locale":"en_GB","og_type":"article","og_title":"Verksted - Norr\u00f8nafly Rakkestad As","og_description":"Norr\u00f8nafly Rakkestad AS er et flyverksted med base p\u00e5 Rakkestad flyplass, \u00c5storp. Verksted og hangar Norr\u00f8nafly (tidligere Norr\u00f8nafly Propeller &amp; Parts) ble startet p\u00e5 Fornebu i 1953. Norr\u00f8nafly ble stiftet av Odvar Korsvold i 1953 og hadde hangar, verksted og kontor. P\u00e5 den tiden l\u00e5 Norr\u00f8nafly i den delen av Fornebu som kalles \u00abDumpa\u00bb. De [&hellip;]","og_url":"https:\/\/norronafly.no\/en\/verksted\/","og_site_name":"Norr\u00f8nafly Rakkestad As","article_publisher":"https:\/\/www.facebook.com\/NorronaflyRakkestadAs\/","article_modified_time":"2025-12-03T12:43:18+00:00","og_image":[{"url":"https:\/\/norronafly.no\/wp-content\/uploads\/2025\/10\/Norronafly-3978.jpg","type":"","width":"","height":""}],"twitter_card":"summary_large_image","twitter_misc":{"Estimated reading time":"2 minutes"},"schema":{"@context":"https:\/\/schema.org","@graph":[{"@type":"WebPage","@id":"https:\/\/norronafly.no\/verksted\/","url":"https:\/\/norronafly.no\/verksted\/","name":"Verksted - Norr\u00f8nafly Rakkestad As","isPartOf":{"@id":"https:\/\/norronafly.no\/#website"},"primaryImageOfPage":{"@id":"https:\/\/norronafly.no\/verksted\/#primaryimage"},"image":{"@id":"https:\/\/norronafly.no\/verksted\/#primaryimage"},"thumbnailUrl":"https:\/\/norronafly.no\/wp-content\/uploads\/2025\/10\/Norronafly-3978.jpg","datePublished":"2025-09-23T11:59:32+00:00","dateModified":"2025-12-03T12:43:18+00:00","breadcrumb":{"@id":"https:\/\/norronafly.no\/verksted\/#breadcrumb"},"inLanguage":"en-GB","potentialAction":[{"@type":"ReadAction","target":["https:\/\/norronafly.no\/verksted\/"]}]},{"@type":"ImageObject","inLanguage":"en-GB","@id":"https:\/\/norronafly.no\/verksted\/#primaryimage","url":"https:\/\/norronafly.no\/wp-content\/uploads\/2025\/10\/Norronafly-3978.jpg","contentUrl":"https:\/\/norronafly.no\/wp-content\/uploads\/2025\/10\/Norronafly-3978.jpg"},{"@type":"BreadcrumbList","@id":"https:\/\/norronafly.no\/verksted\/#breadcrumb","itemListElement":[{"@type":"ListItem","position":1,"name":"Hjem","item":"https:\/\/norronafly.no\/"},{"@type":"ListItem","position":2,"name":"Verksted"}]},{"@type":"WebSite","@id":"https:\/\/norronafly.no\/#website","url":"https:\/\/norronafly.no\/","name":"Norr\u00f8nafly Rakkestad As","description":"Aircraft workshop and purchase\/sale of aircraft and parts in Rakkestad","publisher":{"@id":"https:\/\/norronafly.no\/#organization"},"potentialAction":[{"@type":"SearchAction","target":{"@type":"EntryPoint","urlTemplate":"https:\/\/norronafly.no\/?s={search_term_string}"},"query-input":{"@type":"PropertyValueSpecification","valueRequired":true,"valueName":"search_term_string"}}],"inLanguage":"en-GB"},{"@type":"Organization","@id":"https:\/\/norronafly.no\/#organization","name":"Norr\u00f8nafly Rakkestad AS","url":"https:\/\/norronafly.no\/","logo":{"@type":"ImageObject","inLanguage":"en-GB","@id":"https:\/\/norronafly.no\/#\/schema\/logo\/image\/","url":"https:\/\/norronafly.no\/wp-content\/uploads\/2025\/09\/Norronafly-logo.png","contentUrl":"https:\/\/norronafly.no\/wp-content\/uploads\/2025\/09\/Norronafly-logo.png","width":996,"height":195,"caption":"Norr\u00f8nafly Rakkestad AS"},"image":{"@id":"https:\/\/norronafly.no\/#\/schema\/logo\/image\/"},"sameAs":["https:\/\/www.facebook.com\/NorronaflyRakkestadAs\/"]}]}},"_links":{"self":[{"href":"https:\/\/norronafly.no\/en\/wp-json\/wp\/v2\/pages\/165","targetHints":{"allow":["GET"]}}],"collection":[{"href":"https:\/\/norronafly.no\/en\/wp-json\/wp\/v2\/pages"}],"about":[{"href":"https:\/\/norronafly.no\/en\/wp-json\/wp\/v2\/types\/page"}],"author":[{"embeddable":true,"href":"https:\/\/norronafly.no\/en\/wp-json\/wp\/v2\/users\/1"}],"replies":[{"embeddable":true,"href":"https:\/\/norronafly.no\/en\/wp-json\/wp\/v2\/comments?post=165"}],"version-history":[{"count":49,"href":"https:\/\/norronafly.no\/en\/wp-json\/wp\/v2\/pages\/165\/revisions"}],"predecessor-version":[{"id":1348,"href":"https:\/\/norronafly.no\/en\/wp-json\/wp\/v2\/pages\/165\/revisions\/1348"}],"wp:attachment":[{"href":"https:\/\/norronafly.no\/en\/wp-json\/wp\/v2\/media?parent=165"}],"curies":[{"name":"wp","href":"https:\/\/api.w.org\/{rel}","templated":true}]}}