{"id":1343,"date":"2025-12-03T13:40:25","date_gmt":"2025-12-03T12:40:25","guid":{"rendered":"https:\/\/norronafly.no\/?page_id=1343"},"modified":"2025-12-03T13:40:25","modified_gmt":"2025-12-03T12:40:25","slug":"kontakt-oss","status":"publish","type":"page","link":"https:\/\/norronafly.no\/en\/kontakt-oss\/","title":{"rendered":"Contact us"},"content":{"rendered":"<div data-elementor-type=\"wp-page\" data-elementor-id=\"1343\" class=\"elementor elementor-1343\" data-elementor-post-type=\"page\">\n\t\t\t\t<div class=\"elementor-element elementor-element-7817e7f e-flex e-con-boxed e-con e-parent\" data-id=\"7817e7f\" data-element_type=\"container\" data-e-type=\"container\" data-settings=\"{&quot;background_background&quot;:&quot;classic&quot;}\">\n\t\t\t\t\t<div class=\"e-con-inner\">\n\t\t\t\t<div class=\"elementor-element elementor-element-0c12635 elementor-view-framed elementor-shape-circle elementor-invisible elementor-widget elementor-widget-icon\" data-id=\"0c12635\" data-element_type=\"widget\" data-e-type=\"widget\" data-settings=\"{&quot;_animation&quot;:&quot;fadeInDown&quot;,&quot;_animation_delay&quot;:300}\" data-widget_type=\"icon.default\">\n\t\t\t\t\t\t\t<div class=\"elementor-icon-wrapper\">\n\t\t\t<a class=\"elementor-icon\" href=\"#kontaktOss\">\n\t\t\t<svg aria-hidden=\"true\" class=\"e-font-icon-svg e-fas-arrow-alt-circle-down\" viewbox=\"0 0 512 512\" xmlns=\"http:\/\/www.w3.org\/2000\/svg\"><path d=\"M504 256c0 137-111 248-248 248S8 393 8 256 119 8 256 8s248 111 248 248zM212 140v116h-70.9c-10.7 0-16.1 13-8.5 20.5l114.9 114.3c4.7 4.7 12.2 4.7 16.9 0l114.9-114.3c7.6-7.6 2.2-20.5-8.5-20.5H300V140c0-6.6-5.4-12-12-12h-64c-6.6 0-12 5.4-12 12z\"><\/path><\/svg>\t\t\t<\/a>\n\t\t<\/div>\n\t\t\t\t\t\t<\/div>\n\t\t\t\t\t<\/div>\n\t\t\t\t<\/div>\n\t\t<div class=\"elementor-element elementor-element-19a1310 e-flex e-con-boxed e-con e-parent\" data-id=\"19a1310\" data-element_type=\"container\" data-e-type=\"container\" data-settings=\"{&quot;background_background&quot;:&quot;classic&quot;}\">\n\t\t\t\t\t<div class=\"e-con-inner\">\n\t\t\t\t<div class=\"elementor-element elementor-element-ad058ff elementor-widget elementor-widget-heading\" data-id=\"ad058ff\" data-element_type=\"widget\" data-e-type=\"widget\" data-widget_type=\"heading.default\">\n\t\t\t\t\t<span class=\"elementor-heading-title elementor-size-default\"> Professional help. Personalised service. Get in touch with us!<\/span>\t\t\t\t<\/div>\n\t\t\t\t\t<\/div>\n\t\t\t\t<\/div>\n\t\t<div class=\"elementor-element elementor-element-314fd96 e-flex e-con-boxed e-con e-parent\" data-id=\"314fd96\" data-element_type=\"container\" data-e-type=\"container\">\n\t\t\t\t\t<div class=\"e-con-inner\">\n\t\t\t\t<div class=\"elementor-element elementor-element-4a93ef5 elementor-widget elementor-widget-menu-anchor\" data-id=\"4a93ef5\" data-element_type=\"widget\" data-e-type=\"widget\" data-widget_type=\"menu-anchor.default\">\n\t\t\t\t\t\t\t<div class=\"elementor-menu-anchor\" id=\"kontaktOss\"><\/div>\n\t\t\t\t\t\t<\/div>\n\t\t\t\t\t<\/div>\n\t\t\t\t<\/div>\n\t\t<div class=\"elementor-element elementor-element-2c43923 e-flex e-con-boxed e-con e-parent\" data-id=\"2c43923\" data-element_type=\"container\" data-e-type=\"container\">\n\t\t\t\t\t<div class=\"e-con-inner\">\n\t\t<div class=\"elementor-element elementor-element-40478e4 e-con-full e-flex e-con e-child\" data-id=\"40478e4\" data-element_type=\"container\" data-e-type=\"container\">\n\t\t\t\t<div class=\"elementor-element elementor-element-d9a3d60 elementor-widget elementor-widget-heading\" data-id=\"d9a3d60\" data-element_type=\"widget\" data-e-type=\"widget\" data-widget_type=\"heading.default\">\n\t\t\t\t\t<h4 class=\"elementor-heading-title elementor-size-default\">Phone number<\/h4>\t\t\t\t<\/div>\n\t\t\t\t<div class=\"elementor-element elementor-element-fb043f5 elementor-widget-divider--view-line elementor-widget elementor-widget-divider\" data-id=\"fb043f5\" data-element_type=\"widget\" data-e-type=\"widget\" data-widget_type=\"divider.default\">\n\t\t\t\t\t\t\t<div class=\"elementor-divider\">\n\t\t\t<span class=\"elementor-divider-separator\">\n\t\t\t\t\t\t<\/span>\n\t\t<\/div>\n\t\t\t\t\t\t<\/div>\n\t\t\t\t<div class=\"elementor-element elementor-element-a6113b9 elementor-align-center elementor-icon-list--layout-traditional elementor-list-item-link-full_width elementor-widget elementor-widget-icon-list\" data-id=\"a6113b9\" data-element_type=\"widget\" data-e-type=\"widget\" data-widget_type=\"icon-list.default\">\n\t\t\t\t\t\t\t<ul class=\"elementor-icon-list-items\">\n\t\t\t\t\t\t\t<li class=\"elementor-icon-list-item\">\n\t\t\t\t\t\t\t\t\t\t\t<a href=\"tel:004769226000\">\n\n\t\t\t\t\t\t\t\t\t\t\t<span class=\"elementor-icon-list-text\">(+47) 69 22 60 00<\/span>\n\t\t\t\t\t\t\t\t\t\t\t<\/a>\n\t\t\t\t\t\t\t\t\t<\/li>\n\t\t\t\t\t\t\t\t<li class=\"elementor-icon-list-item\">\n\t\t\t\t\t\t\t\t\t\t<span class=\"elementor-icon-list-text\">24\/7 staffing<\/span>\n\t\t\t\t\t\t\t\t\t<\/li>\n\t\t\t\t\t\t<\/ul>\n\t\t\t\t\t\t<\/div>\n\t\t\t\t<\/div>\n\t\t<div class=\"elementor-element elementor-element-a225903 e-con-full e-flex e-con e-child\" data-id=\"a225903\" data-element_type=\"container\" data-e-type=\"container\">\n\t\t\t\t<div class=\"elementor-element elementor-element-d426b8d elementor-widget elementor-widget-heading\" data-id=\"d426b8d\" data-element_type=\"widget\" data-e-type=\"widget\" data-widget_type=\"heading.default\">\n\t\t\t\t\t<h4 class=\"elementor-heading-title elementor-size-default\">E-mail address<\/h4>\t\t\t\t<\/div>\n\t\t\t\t<div class=\"elementor-element elementor-element-688c07f elementor-widget-divider--view-line elementor-widget elementor-widget-divider\" data-id=\"688c07f\" data-element_type=\"widget\" data-e-type=\"widget\" data-widget_type=\"divider.default\">\n\t\t\t\t\t\t\t<div class=\"elementor-divider\">\n\t\t\t<span class=\"elementor-divider-separator\">\n\t\t\t\t\t\t<\/span>\n\t\t<\/div>\n\t\t\t\t\t\t<\/div>\n\t\t\t\t<div class=\"elementor-element elementor-element-152bd2c elementor-align-center elementor-icon-list--layout-traditional elementor-list-item-link-full_width elementor-widget elementor-widget-icon-list\" data-id=\"152bd2c\" data-element_type=\"widget\" data-e-type=\"widget\" data-widget_type=\"icon-list.default\">\n\t\t\t\t\t\t\t<ul class=\"elementor-icon-list-items\">\n\t\t\t\t\t\t\t<li class=\"elementor-icon-list-item\">\n\t\t\t\t\t\t\t\t\t\t\t<a href=\"mailto:hangar@norronafly.no\">\n\n\t\t\t\t\t\t\t\t\t\t\t<span class=\"elementor-icon-list-text\">hangar@norronafly.no<\/span>\n\t\t\t\t\t\t\t\t\t\t\t<\/a>\n\t\t\t\t\t\t\t\t\t<\/li>\n\t\t\t\t\t\t\t\t<li class=\"elementor-icon-list-item\">\n\t\t\t\t\t\t\t\t\t\t\t<a href=\"mailto:hangar@norronafly.no\">\n\n\t\t\t\t\t\t\t\t\t\t\t<span class=\"elementor-icon-list-text\">Send an enquiry<\/span>\n\t\t\t\t\t\t\t\t\t\t\t<\/a>\n\t\t\t\t\t\t\t\t\t<\/li>\n\t\t\t\t\t\t<\/ul>\n\t\t\t\t\t\t<\/div>\n\t\t\t\t<\/div>\n\t\t<div class=\"elementor-element elementor-element-3a2e48d e-con-full e-flex e-con e-child\" data-id=\"3a2e48d\" data-element_type=\"container\" data-e-type=\"container\">\n\t\t\t\t<div class=\"elementor-element elementor-element-f98f896 elementor-widget elementor-widget-heading\" data-id=\"f98f896\" data-element_type=\"widget\" data-e-type=\"widget\" data-widget_type=\"heading.default\">\n\t\t\t\t\t<h4 class=\"elementor-heading-title elementor-size-default\">Opening hours<\/h4>\t\t\t\t<\/div>\n\t\t\t\t<div class=\"elementor-element elementor-element-d25e4b8 elementor-widget-divider--view-line elementor-widget elementor-widget-divider\" data-id=\"d25e4b8\" data-element_type=\"widget\" data-e-type=\"widget\" data-widget_type=\"divider.default\">\n\t\t\t\t\t\t\t<div class=\"elementor-divider\">\n\t\t\t<span class=\"elementor-divider-separator\">\n\t\t\t\t\t\t<\/span>\n\t\t<\/div>\n\t\t\t\t\t\t<\/div>\n\t\t\t\t<div class=\"elementor-element elementor-element-5581772 elementor-align-center elementor-icon-list--layout-traditional elementor-list-item-link-full_width elementor-widget elementor-widget-icon-list\" data-id=\"5581772\" data-element_type=\"widget\" data-e-type=\"widget\" data-widget_type=\"icon-list.default\">\n\t\t\t\t\t\t\t<ul class=\"elementor-icon-list-items\">\n\t\t\t\t\t\t\t<li class=\"elementor-icon-list-item\">\n\t\t\t\t\t\t\t\t\t\t<span class=\"elementor-icon-list-text\">Monday - Thursday: 07:00 - 15:30<\/span>\n\t\t\t\t\t\t\t\t\t<\/li>\n\t\t\t\t\t\t\t\t<li class=\"elementor-icon-list-item\">\n\t\t\t\t\t\t\t\t\t\t<span class=\"elementor-icon-list-text\">Friday: 07:00 - 13:00<\/span>\n\t\t\t\t\t\t\t\t\t<\/li>\n\t\t\t\t\t\t<\/ul>\n\t\t\t\t\t\t<\/div>\n\t\t\t\t<\/div>\n\t\t\t\t\t<\/div>\n\t\t\t\t<\/div>\n\t\t<div class=\"elementor-element elementor-element-78a3464 e-flex e-con-boxed e-con e-parent\" data-id=\"78a3464\" data-element_type=\"container\" data-e-type=\"container\" data-settings=\"{&quot;background_background&quot;:&quot;classic&quot;}\">\n\t\t\t\t\t<div class=\"e-con-inner\">\n\t\t\t\t<div class=\"elementor-element elementor-element-44e3722 elementor-view-default elementor-widget elementor-widget-icon\" data-id=\"44e3722\" data-element_type=\"widget\" data-e-type=\"widget\" data-widget_type=\"icon.default\">\n\t\t\t\t\t\t\t<div class=\"elementor-icon-wrapper\">\n\t\t\t<div class=\"elementor-icon\">\n\t\t\t<svg aria-hidden=\"true\" class=\"e-font-icon-svg e-fas-map-marker-alt\" viewbox=\"0 0 384 512\" xmlns=\"http:\/\/www.w3.org\/2000\/svg\"><path d=\"M172.268 501.67C26.97 291.031 0 269.413 0 192 0 85.961 85.961 0 192 0s192 85.961 192 192c0 77.413-26.97 99.031-172.268 309.67-9.535 13.774-29.93 13.773-39.464 0zM192 272c44.183 0 80-35.817 80-80s-35.817-80-80-80-80 35.817-80 80 35.817 80 80 80z\"><\/path><\/svg>\t\t\t<\/div>\n\t\t<\/div>\n\t\t\t\t\t\t<\/div>\n\t\t\t\t<div class=\"elementor-element elementor-element-9a1f6cb elementor-widget elementor-widget-heading\" data-id=\"9a1f6cb\" data-element_type=\"widget\" data-e-type=\"widget\" data-widget_type=\"heading.default\">\n\t\t\t\t\t<h4 class=\"elementor-heading-title elementor-size-default\"><a href=\"https:\/\/www.google.com\/maps\/place\/Norr%C3%B8nafly+Rakkestad+AS\/@59.3992388,11.3404354,17z\/data=!3m1!4b1!4m5!3m4!1s0x4643f6f68ae4331d:0x7adf71a6d8022b48!8m2!3d59.3992361!4d11.3426241\" target=\"_blank\" rel=\"nofollow noopener\">\u00c5storpveien 62, Airport<\/a>\nN-1890 Rakkestad, Norway<\/h4>\t\t\t\t<\/div>\n\t\t\t\t<div class=\"elementor-element elementor-element-55bdb22 elementor-widget-divider--view-line elementor-widget elementor-widget-divider\" data-id=\"55bdb22\" data-element_type=\"widget\" data-e-type=\"widget\" data-widget_type=\"divider.default\">\n\t\t\t\t\t\t\t<div class=\"elementor-divider\">\n\t\t\t<span class=\"elementor-divider-separator\">\n\t\t\t\t\t\t<\/span>\n\t\t<\/div>\n\t\t\t\t\t\t<\/div>\n\t\t\t\t<div class=\"elementor-element elementor-element-b3ae8b5 elementor-widget elementor-widget-text-editor\" data-id=\"b3ae8b5\" data-element_type=\"widget\" data-e-type=\"widget\" data-widget_type=\"text-editor.default\">\n\t\t\t\t\t\t\t\t\t<p>Do you need any of our services for your aeroplane, are you looking to sell your aircraft or are you looking to buy one? Or do you just want to have a little aircraft chat? Come and see us, then! Whether it's by car, bus or plane, it doesn't matter!<\/p>\t\t\t\t\t\t\t\t<\/div>\n\t\t\t\t\t<\/div>\n\t\t\t\t<\/div>\n\t\t<div class=\"elementor-element elementor-element-22bf8e9 e-con-full e-flex e-con e-parent\" data-id=\"22bf8e9\" data-element_type=\"container\" data-e-type=\"container\">\n\t\t\t\t<div class=\"elementor-element elementor-element-366cfed elementor-widget elementor-widget-google_maps\" data-id=\"366cfed\" data-element_type=\"widget\" data-e-type=\"widget\" data-widget_type=\"google_maps.default\">\n\t\t\t\t\t\t\t<div class=\"elementor-custom-embed\">\n\t\t\t<iframe loading=\"lazy\"\n\t\t\t\t\tsrc=\"https:\/\/maps.google.com\/maps?q=Norr%C3%B8nafly%20Rakkestad%20AS&#038;t=m&#038;z=12&#038;output=embed&#038;iwloc=near\"\n\t\t\t\t\ttitle=\"Norr\u00f8nafly Rakkestad AS\"\n\t\t\t\t\taria-label=\"Norr\u00f8nafly Rakkestad AS\"\n\t\t\t><\/iframe>\n\t\t<\/div>\n\t\t\t\t\t\t<\/div>\n\t\t\t\t<\/div>\n\t\t\t\t<\/div>","protected":false},"excerpt":{"rendered":"<p>Profesjonell hjelp. Personlig service. Kontakt oss! Telefon (+47) 69 22 60 00 24\/7 bemanning E-post hangar@norronafly.no Send en henvendelse \u00c5pningstider Mandag &#8211; torsdag: 07:00 &#8211; 15:30 Fredag: 07:00 &#8211; 13:00 \u00c5storpveien 62, Flyplassen N-1890 Rakkestad, Norway Har du behov for noen av v\u00e5re tjenester til ditt fly, \u00f8nsker du \u00e5 selge flyet ditt eller \u00f8nsker [&hellip;]<\/p>\n","protected":false},"author":2,"featured_media":0,"parent":0,"menu_order":0,"comment_status":"closed","ping_status":"closed","template":"","meta":{"footnotes":""},"class_list":["post-1343","page","type-page","status-publish","hentry"],"yoast_head":"<!-- This site is optimized with the Yoast SEO plugin v27.2 - https:\/\/yoast.com\/product\/yoast-seo-wordpress\/ -->\n<title>Kontakt oss - Norr\u00f8nafly Rakkestad As<\/title>\n<meta name=\"robots\" content=\"index, follow, max-snippet:-1, max-image-preview:large, max-video-preview:-1\" \/>\n<link rel=\"canonical\" href=\"https:\/\/norronafly.no\/en\/kontakt-oss\/\" \/>\n<meta property=\"og:locale\" content=\"en_GB\" \/>\n<meta property=\"og:type\" content=\"article\" \/>\n<meta property=\"og:title\" content=\"Kontakt oss - Norr\u00f8nafly Rakkestad As\" \/>\n<meta property=\"og:description\" content=\"Profesjonell hjelp. Personlig service. Kontakt oss! Telefon (+47) 69 22 60 00 24\/7 bemanning E-post hangar@norronafly.no Send en henvendelse \u00c5pningstider Mandag &#8211; torsdag: 07:00 &#8211; 15:30 Fredag: 07:00 &#8211; 13:00 \u00c5storpveien 62, Flyplassen N-1890 Rakkestad, Norway Har du behov for noen av v\u00e5re tjenester til ditt fly, \u00f8nsker du \u00e5 selge flyet ditt eller \u00f8nsker [&hellip;]\" \/>\n<meta property=\"og:url\" content=\"https:\/\/norronafly.no\/en\/kontakt-oss\/\" \/>\n<meta property=\"og:site_name\" content=\"Norr\u00f8nafly Rakkestad As\" \/>\n<meta property=\"article:publisher\" content=\"https:\/\/www.facebook.com\/NorronaflyRakkestadAs\/\" \/>\n<meta property=\"og:image\" content=\"https:\/\/norronafly.no\/wp-content\/uploads\/2025\/10\/Norronafly-3895.jpg\" \/>\n\t<meta property=\"og:image:width\" content=\"1619\" \/>\n\t<meta property=\"og:image:height\" content=\"1080\" \/>\n\t<meta property=\"og:image:type\" content=\"image\/jpeg\" \/>\n<meta name=\"twitter:card\" content=\"summary_large_image\" \/>\n<meta name=\"twitter:label1\" content=\"Estimated reading time\" \/>\n\t<meta name=\"twitter:data1\" content=\"1 minute\" \/>\n<script type=\"application\/ld+json\" class=\"yoast-schema-graph\">{\"@context\":\"https:\/\/schema.org\",\"@graph\":[{\"@type\":\"WebPage\",\"@id\":\"https:\/\/norronafly.no\/kontakt-oss\/\",\"url\":\"https:\/\/norronafly.no\/kontakt-oss\/\",\"name\":\"Kontakt oss - Norr\u00f8nafly Rakkestad As\",\"isPartOf\":{\"@id\":\"https:\/\/norronafly.no\/#website\"},\"datePublished\":\"2025-12-03T12:40:25+00:00\",\"breadcrumb\":{\"@id\":\"https:\/\/norronafly.no\/kontakt-oss\/#breadcrumb\"},\"inLanguage\":\"en-GB\",\"potentialAction\":[{\"@type\":\"ReadAction\",\"target\":[\"https:\/\/norronafly.no\/kontakt-oss\/\"]}]},{\"@type\":\"BreadcrumbList\",\"@id\":\"https:\/\/norronafly.no\/kontakt-oss\/#breadcrumb\",\"itemListElement\":[{\"@type\":\"ListItem\",\"position\":1,\"name\":\"Hjem\",\"item\":\"https:\/\/norronafly.no\/\"},{\"@type\":\"ListItem\",\"position\":2,\"name\":\"Kontakt oss\"}]},{\"@type\":\"WebSite\",\"@id\":\"https:\/\/norronafly.no\/#website\",\"url\":\"https:\/\/norronafly.no\/\",\"name\":\"Norr\u00f8nafly Rakkestad As\",\"description\":\"Flyverksted og kj\u00f8p\/salg av fly og deler i Rakkestad\",\"publisher\":{\"@id\":\"https:\/\/norronafly.no\/#organization\"},\"potentialAction\":[{\"@type\":\"SearchAction\",\"target\":{\"@type\":\"EntryPoint\",\"urlTemplate\":\"https:\/\/norronafly.no\/?s={search_term_string}\"},\"query-input\":{\"@type\":\"PropertyValueSpecification\",\"valueRequired\":true,\"valueName\":\"search_term_string\"}}],\"inLanguage\":\"en-GB\"},{\"@type\":\"Organization\",\"@id\":\"https:\/\/norronafly.no\/#organization\",\"name\":\"Norr\u00f8nafly Rakkestad AS\",\"url\":\"https:\/\/norronafly.no\/\",\"logo\":{\"@type\":\"ImageObject\",\"inLanguage\":\"en-GB\",\"@id\":\"https:\/\/norronafly.no\/#\/schema\/logo\/image\/\",\"url\":\"https:\/\/norronafly.no\/wp-content\/uploads\/2025\/09\/Norronafly-logo.png\",\"contentUrl\":\"https:\/\/norronafly.no\/wp-content\/uploads\/2025\/09\/Norronafly-logo.png\",\"width\":996,\"height\":195,\"caption\":\"Norr\u00f8nafly Rakkestad AS\"},\"image\":{\"@id\":\"https:\/\/norronafly.no\/#\/schema\/logo\/image\/\"},\"sameAs\":[\"https:\/\/www.facebook.com\/NorronaflyRakkestadAs\/\"]}]}<\/script>\n<!-- \/ Yoast SEO plugin. -->","yoast_head_json":{"title":"Kontakt oss - Norr\u00f8nafly Rakkestad As","robots":{"index":"index","follow":"follow","max-snippet":"max-snippet:-1","max-image-preview":"max-image-preview:large","max-video-preview":"max-video-preview:-1"},"canonical":"https:\/\/norronafly.no\/en\/kontakt-oss\/","og_locale":"en_GB","og_type":"article","og_title":"Kontakt oss - Norr\u00f8nafly Rakkestad As","og_description":"Profesjonell hjelp. Personlig service. Kontakt oss! Telefon (+47) 69 22 60 00 24\/7 bemanning E-post hangar@norronafly.no Send en henvendelse \u00c5pningstider Mandag &#8211; torsdag: 07:00 &#8211; 15:30 Fredag: 07:00 &#8211; 13:00 \u00c5storpveien 62, Flyplassen N-1890 Rakkestad, Norway Har du behov for noen av v\u00e5re tjenester til ditt fly, \u00f8nsker du \u00e5 selge flyet ditt eller \u00f8nsker [&hellip;]","og_url":"https:\/\/norronafly.no\/en\/kontakt-oss\/","og_site_name":"Norr\u00f8nafly Rakkestad As","article_publisher":"https:\/\/www.facebook.com\/NorronaflyRakkestadAs\/","og_image":[{"width":1619,"height":1080,"url":"https:\/\/norronafly.no\/wp-content\/uploads\/2025\/10\/Norronafly-3895.jpg","type":"image\/jpeg"}],"twitter_card":"summary_large_image","twitter_misc":{"Estimated reading time":"1 minute"},"schema":{"@context":"https:\/\/schema.org","@graph":[{"@type":"WebPage","@id":"https:\/\/norronafly.no\/kontakt-oss\/","url":"https:\/\/norronafly.no\/kontakt-oss\/","name":"Kontakt oss - Norr\u00f8nafly Rakkestad As","isPartOf":{"@id":"https:\/\/norronafly.no\/#website"},"datePublished":"2025-12-03T12:40:25+00:00","breadcrumb":{"@id":"https:\/\/norronafly.no\/kontakt-oss\/#breadcrumb"},"inLanguage":"en-GB","potentialAction":[{"@type":"ReadAction","target":["https:\/\/norronafly.no\/kontakt-oss\/"]}]},{"@type":"BreadcrumbList","@id":"https:\/\/norronafly.no\/kontakt-oss\/#breadcrumb","itemListElement":[{"@type":"ListItem","position":1,"name":"Hjem","item":"https:\/\/norronafly.no\/"},{"@type":"ListItem","position":2,"name":"Kontakt oss"}]},{"@type":"WebSite","@id":"https:\/\/norronafly.no\/#website","url":"https:\/\/norronafly.no\/","name":"Norr\u00f8nafly Rakkestad As","description":"Aircraft workshop and purchase\/sale of aircraft and parts in Rakkestad","publisher":{"@id":"https:\/\/norronafly.no\/#organization"},"potentialAction":[{"@type":"SearchAction","target":{"@type":"EntryPoint","urlTemplate":"https:\/\/norronafly.no\/?s={search_term_string}"},"query-input":{"@type":"PropertyValueSpecification","valueRequired":true,"valueName":"search_term_string"}}],"inLanguage":"en-GB"},{"@type":"Organization","@id":"https:\/\/norronafly.no\/#organization","name":"Norr\u00f8nafly Rakkestad AS","url":"https:\/\/norronafly.no\/","logo":{"@type":"ImageObject","inLanguage":"en-GB","@id":"https:\/\/norronafly.no\/#\/schema\/logo\/image\/","url":"https:\/\/norronafly.no\/wp-content\/uploads\/2025\/09\/Norronafly-logo.png","contentUrl":"https:\/\/norronafly.no\/wp-content\/uploads\/2025\/09\/Norronafly-logo.png","width":996,"height":195,"caption":"Norr\u00f8nafly Rakkestad AS"},"image":{"@id":"https:\/\/norronafly.no\/#\/schema\/logo\/image\/"},"sameAs":["https:\/\/www.facebook.com\/NorronaflyRakkestadAs\/"]}]}},"_links":{"self":[{"href":"https:\/\/norronafly.no\/en\/wp-json\/wp\/v2\/pages\/1343","targetHints":{"allow":["GET"]}}],"collection":[{"href":"https:\/\/norronafly.no\/en\/wp-json\/wp\/v2\/pages"}],"about":[{"href":"https:\/\/norronafly.no\/en\/wp-json\/wp\/v2\/types\/page"}],"author":[{"embeddable":true,"href":"https:\/\/norronafly.no\/en\/wp-json\/wp\/v2\/users\/2"}],"replies":[{"embeddable":true,"href":"https:\/\/norronafly.no\/en\/wp-json\/wp\/v2\/comments?post=1343"}],"version-history":[{"count":1,"href":"https:\/\/norronafly.no\/en\/wp-json\/wp\/v2\/pages\/1343\/revisions"}],"predecessor-version":[{"id":1344,"href":"https:\/\/norronafly.no\/en\/wp-json\/wp\/v2\/pages\/1343\/revisions\/1344"}],"wp:attachment":[{"href":"https:\/\/norronafly.no\/en\/wp-json\/wp\/v2\/media?parent=1343"}],"curies":[{"name":"wp","href":"https:\/\/api.w.org\/{rel}","templated":true}]}}